{"id":6639,"date":"2019-10-09T14:14:00","date_gmt":"2019-10-09T18:14:00","guid":{"rendered":"https:\/\/orizonmobile.com\/produits\/"},"modified":"2023-06-01T11:42:15","modified_gmt":"2023-06-01T15:42:15","slug":"products","status":"publish","type":"page","link":"https:\/\/orizonmobile.com\/en\/products\/","title":{"rendered":"Products"},"content":{"rendered":"\r\n<h4>A multitude of suppliers to offer you the best solution<\/h4>\r\n<p><img loading=\"lazy\" decoding=\"async\" title=\"T\u00e9l\u00e9communications unifi\u00e9es (simplifi\u00e9)-01\" src=\"https:\/\/orizonmobile.com\/wp-content\/uploads\/2021\/06\/T\u00e9l\u00e9communications-unifi\u00e9es-simplifi\u00e9-01.png\" alt=\"T\u00e9l\u00e9communications unifi\u00e9es (simplifi\u00e9)-01\" width=\"2376\" height=\"1835\" \/><\/p>\r\n<p>Orizon Mobile works with a host of suppliers in order to offer its customers the best possible solutions to their needs. Whether it is for renting a multitude of radiocomm devices, installing an LTE network or using satellite technologies, among other things, we have what you need. Do not hesitate to contact us ! Our representatives will be happy to find a solution adapted to your needs and then do personalized follow-ups with you.<\/p>\r\n<p><a role=\"button\" href=\"https:\/\/https:\/\/orizonmobile.com\/en\/contact\/\" target=\"_self\" rel=\"noopener\"> Contact us now ! <\/a> \n    <div class=\"pgcontainer archive\">\n      <div class=\"fl-row-fixed-width clearfix\">\n\n    \n        <div class=\"col-lg-3 col-md-3 col-sm-6 col-xs-12 Block\">\n\n          <div class=\"box\">\n            <a href=\"https:\/\/orizonmobile.com\/en\/products\/portable-and-mobile-radios\/\">\n              <div class=\"thumb marginBtm20\">\n                <img loading=\"lazy\" decoding=\"async\" width=\"224\" height=\"229\" src=\"https:\/\/orizonmobile.com\/wp-content\/uploads\/2019\/08\/Radios-mobiles-et-portatives-224x229.png\" class=\"attachment-archive_size size-archive_size wp-post-image\" alt=\"\" \/>                <span>products<\/span>\n              <\/div>\n              <div class=\"tit\">Portable and mobile radios<\/div>\n            <\/a>\n          <\/div>\n\n        <\/div>\n    \n        <div class=\"col-lg-3 col-md-3 col-sm-6 col-xs-12 Block\">\n\n          <div class=\"box\">\n            <a href=\"https:\/\/orizonmobile.com\/en\/products\/telus-products\/\">\n              <div class=\"thumb marginBtm20\">\n                <img loading=\"lazy\" decoding=\"async\" width=\"224\" height=\"229\" src=\"https:\/\/orizonmobile.com\/wp-content\/uploads\/2021\/07\/MicrosoftTeams-image-224x229.png\" class=\"attachment-archive_size size-archive_size wp-post-image\" alt=\"\" \/>                <span>products<\/span>\n              <\/div>\n              <div class=\"tit\">TELUS Products<\/div>\n            <\/a>\n          <\/div>\n\n        <\/div>\n    \n        <div class=\"col-lg-3 col-md-3 col-sm-6 col-xs-12 Block\">\n\n          <div class=\"box\">\n            <a href=\"https:\/\/orizonmobile.com\/en\/products\/satellite-technologies\/\">\n              <div class=\"thumb marginBtm20\">\n                <img loading=\"lazy\" decoding=\"async\" width=\"224\" height=\"229\" src=\"https:\/\/orizonmobile.com\/wp-content\/uploads\/2019\/08\/T\u00e9l\u00e9phonie-Satellite-224x229.png\" class=\"attachment-archive_size size-archive_size wp-post-image\" alt=\"\" \/>                <span>products<\/span>\n              <\/div>\n              <div class=\"tit\">Satellite Technologies<\/div>\n            <\/a>\n          <\/div>\n\n        <\/div>\n    \n        <div class=\"col-lg-3 col-md-3 col-sm-6 col-xs-12 Block\">\n\n          <div class=\"box\">\n            <a href=\"https:\/\/orizonmobile.com\/en\/products\/pagers\/\">\n              <div class=\"thumb marginBtm20\">\n                <img loading=\"lazy\" decoding=\"async\" width=\"224\" height=\"229\" src=\"https:\/\/orizonmobile.com\/wp-content\/uploads\/2019\/08\/T\u00e9l\u00e9avertisseurs-224x229.png\" class=\"attachment-archive_size size-archive_size wp-post-image\" alt=\"\" \/>                <span>products<\/span>\n              <\/div>\n              <div class=\"tit\">Pagers<\/div>\n            <\/a>\n          <\/div>\n\n        <\/div>\n    \n        <div class=\"col-lg-3 col-md-3 col-sm-6 col-xs-12 Block\">\n\n          <div class=\"box\">\n            <a href=\"https:\/\/orizonmobile.com\/en\/products\/antennas-network-extension\/\">\n              <div class=\"thumb marginBtm20\">\n                <img loading=\"lazy\" decoding=\"async\" width=\"224\" height=\"229\" src=\"https:\/\/orizonmobile.com\/wp-content\/uploads\/2019\/10\/Antennes-et-boosters-224x229.png\" class=\"attachment-archive_size size-archive_size wp-post-image\" alt=\"\" \/>                <span>products<\/span>\n              <\/div>\n              <div class=\"tit\">Antennas &#038; Network Extension<\/div>\n            <\/a>\n          <\/div>\n\n        <\/div>\n    \n        <div class=\"col-lg-3 col-md-3 col-sm-6 col-xs-12 Block\">\n\n          <div class=\"box\">\n            <a href=\"https:\/\/orizonmobile.com\/en\/products\/telephony\/\">\n              <div class=\"thumb marginBtm20\">\n                <img loading=\"lazy\" decoding=\"async\" width=\"224\" height=\"229\" src=\"https:\/\/orizonmobile.com\/wp-content\/uploads\/2019\/08\/T\u00e9l\u00e9phonie-IP-224x229.png\" class=\"attachment-archive_size size-archive_size wp-post-image\" alt=\"\" \/>                <span>products<\/span>\n              <\/div>\n              <div class=\"tit\">Telephony<\/div>\n            <\/a>\n          <\/div>\n\n        <\/div>\n    \n        <div class=\"col-lg-3 col-md-3 col-sm-6 col-xs-12 Block\">\n\n          <div class=\"box\">\n            <a href=\"https:\/\/orizonmobile.com\/en\/products\/telework\/\">\n              <div class=\"thumb marginBtm20\">\n                <img loading=\"lazy\" decoding=\"async\" width=\"224\" height=\"229\" src=\"https:\/\/orizonmobile.com\/wp-content\/uploads\/2020\/03\/T\u00e9l\u00e9travail-et-Vid\u00e9oconf\u00e9rence-224x229.jpg\" class=\"attachment-archive_size size-archive_size wp-post-image\" alt=\"\" \/>                <span>products<\/span>\n              <\/div>\n              <div class=\"tit\">Videoconference &#038; Teleworking<\/div>\n            <\/a>\n          <\/div>\n\n        <\/div>\n    \n        <div class=\"col-lg-3 col-md-3 col-sm-6 col-xs-12 Block\">\n\n          <div class=\"box\">\n            <a href=\"https:\/\/orizonmobile.com\/en\/products\/cb-scanners\/\">\n              <div class=\"thumb marginBtm20\">\n                <img loading=\"lazy\" decoding=\"async\" width=\"224\" height=\"229\" src=\"https:\/\/orizonmobile.com\/wp-content\/uploads\/2019\/08\/Scanner-et-CB-224x229.png\" class=\"attachment-archive_size size-archive_size wp-post-image\" alt=\"\" \/>                <span>products<\/span>\n              <\/div>\n              <div class=\"tit\">CB &#038; Scanners<\/div>\n            <\/a>\n          <\/div>\n\n        <\/div>\n    \n        <div class=\"col-lg-3 col-md-3 col-sm-6 col-xs-12 Block\">\n\n          <div class=\"box\">\n            <a href=\"https:\/\/orizonmobile.com\/en\/products\/specialized-equipment\/\">\n              <div class=\"thumb marginBtm20\">\n                <img loading=\"lazy\" decoding=\"async\" width=\"224\" height=\"229\" src=\"https:\/\/orizonmobile.com\/wp-content\/uploads\/2019\/10\/T\u00e9l\u00e9m\u00e9trie-224x229.png\" class=\"attachment-archive_size size-archive_size wp-post-image\" alt=\"\" \/>                <span>products<\/span>\n              <\/div>\n              <div class=\"tit\">Specialized Equipment<\/div>\n            <\/a>\n          <\/div>\n\n        <\/div>\n    \n        <div class=\"col-lg-3 col-md-3 col-sm-6 col-xs-12 Block\">\n\n          <div class=\"box\">\n            <a href=\"https:\/\/orizonmobile.com\/en\/products\/software\/\">\n              <div class=\"thumb marginBtm20\">\n                <img loading=\"lazy\" decoding=\"async\" width=\"224\" height=\"229\" src=\"https:\/\/orizonmobile.com\/wp-content\/uploads\/2019\/08\/Radios-mobiles-et-portatives-224x229.png\" class=\"attachment-archive_size size-archive_size wp-post-image\" alt=\"\" \/>                <span>products<\/span>\n              <\/div>\n              <div class=\"tit\">Software<\/div>\n            <\/a>\n          <\/div>\n\n        <\/div>\n       \n   <\/div>\n  <\/div>\n\n<\/p>\r\n","protected":false},"excerpt":{"rendered":"<p>In order to make devices work or support your work, software works in the background to help you optimize your time, efficiency and even secure your devices. At Orizon, we offer you several solutions to make your life easier. It is possible to offer you a Qualicode suite to more efficiently manage your employees&#8217; work&hellip;<\/p>\n","protected":false},"author":2,"featured_media":0,"parent":0,"menu_order":102,"comment_status":"closed","ping_status":"closed","template":"","meta":{"footnotes":""},"class_list":["post-6639","page","type-page","status-publish","hentry"],"yoast_head":"<!-- This site is optimized with the Yoast SEO plugin v27.3 - https:\/\/yoast.com\/product\/yoast-seo-wordpress\/ -->\n<title>Products - Orizon Mobile<\/title>\n<meta name=\"description\" content=\"Radio equipment, satellite phones, CB &amp; scanners, pagers... we have the telecommunications products you need!\" \/>\n<meta name=\"robots\" content=\"index, follow, max-snippet:-1, max-image-preview:large, max-video-preview:-1\" \/>\n<link rel=\"canonical\" href=\"https:\/\/orizonmobile.com\/en\/products\/\" \/>\n<meta property=\"og:locale\" content=\"en_US\" \/>\n<meta property=\"og:type\" content=\"article\" \/>\n<meta property=\"og:title\" content=\"Products - Orizon Mobile\" \/>\n<meta property=\"og:description\" content=\"Radio equipment, satellite phones, CB &amp; scanners, pagers... we have the telecommunications products you need!\" \/>\n<meta property=\"og:url\" content=\"https:\/\/orizonmobile.com\/en\/products\/\" \/>\n<meta property=\"og:site_name\" content=\"Orizon Mobile\" \/>\n<meta property=\"article:publisher\" content=\"https:\/\/www.facebook.com\/orizonmobile\" \/>\n<meta property=\"article:modified_time\" content=\"2023-06-01T15:42:15+00:00\" \/>\n<meta name=\"twitter:card\" content=\"summary_large_image\" \/>\n<script type=\"application\/ld+json\" class=\"yoast-schema-graph\">{\"@context\":\"https:\\\/\\\/schema.org\",\"@graph\":[{\"@type\":\"WebPage\",\"@id\":\"https:\\\/\\\/orizonmobile.com\\\/en\\\/products\\\/\",\"url\":\"https:\\\/\\\/orizonmobile.com\\\/en\\\/products\\\/\",\"name\":\"Products - Orizon Mobile\",\"isPartOf\":{\"@id\":\"https:\\\/\\\/orizonmobile.com\\\/en\\\/#website\"},\"datePublished\":\"2019-10-09T18:14:00+00:00\",\"dateModified\":\"2023-06-01T15:42:15+00:00\",\"description\":\"Radio equipment, satellite phones, CB & scanners, pagers... we have the telecommunications products you need!\",\"breadcrumb\":{\"@id\":\"https:\\\/\\\/orizonmobile.com\\\/en\\\/products\\\/#breadcrumb\"},\"inLanguage\":\"en-US\",\"potentialAction\":[{\"@type\":\"ReadAction\",\"target\":[\"https:\\\/\\\/orizonmobile.com\\\/en\\\/products\\\/\"]}]},{\"@type\":\"BreadcrumbList\",\"@id\":\"https:\\\/\\\/orizonmobile.com\\\/en\\\/products\\\/#breadcrumb\",\"itemListElement\":[{\"@type\":\"ListItem\",\"position\":1,\"name\":\"Accueil\",\"item\":\"https:\\\/\\\/orizonmobile.com\\\/en\\\/\"},{\"@type\":\"ListItem\",\"position\":2,\"name\":\"Products\"}]},{\"@type\":\"WebSite\",\"@id\":\"https:\\\/\\\/orizonmobile.com\\\/en\\\/#website\",\"url\":\"https:\\\/\\\/orizonmobile.com\\\/en\\\/\",\"name\":\"Orizon Mobile\",\"description\":\"Orizon Mobile\",\"publisher\":{\"@id\":\"https:\\\/\\\/orizonmobile.com\\\/en\\\/#organization\"},\"potentialAction\":[{\"@type\":\"SearchAction\",\"target\":{\"@type\":\"EntryPoint\",\"urlTemplate\":\"https:\\\/\\\/orizonmobile.com\\\/en\\\/?s={search_term_string}\"},\"query-input\":{\"@type\":\"PropertyValueSpecification\",\"valueRequired\":true,\"valueName\":\"search_term_string\"}}],\"inLanguage\":\"en-US\"},{\"@type\":\"Organization\",\"@id\":\"https:\\\/\\\/orizonmobile.com\\\/en\\\/#organization\",\"name\":\"Orizon Mobile\",\"url\":\"https:\\\/\\\/orizonmobile.com\\\/en\\\/\",\"logo\":{\"@type\":\"ImageObject\",\"inLanguage\":\"en-US\",\"@id\":\"https:\\\/\\\/orizonmobile.com\\\/en\\\/#\\\/schema\\\/logo\\\/image\\\/\",\"url\":\"https:\\\/\\\/orizonmobile.com\\\/wp-content\\\/uploads\\\/2021\\\/10\\\/OM-Promo-RGB.png\",\"contentUrl\":\"https:\\\/\\\/orizonmobile.com\\\/wp-content\\\/uploads\\\/2021\\\/10\\\/OM-Promo-RGB.png\",\"width\":518,\"height\":278,\"caption\":\"Orizon Mobile\"},\"image\":{\"@id\":\"https:\\\/\\\/orizonmobile.com\\\/en\\\/#\\\/schema\\\/logo\\\/image\\\/\"},\"sameAs\":[\"https:\\\/\\\/www.facebook.com\\\/orizonmobile\",\"https:\\\/\\\/www.instagram.com\\\/orizonmobile\\\/\",\"https:\\\/\\\/www.linkedin.com\\\/company\\\/orizon-mobile\",\"https:\\\/\\\/www.youtube.com\\\/channel\\\/UC33EZJT45G4ViC1gcL6a5lw\"]}]}<\/script>\n<!-- \/ Yoast SEO plugin. -->","yoast_head_json":{"title":"Products - Orizon Mobile","description":"Radio equipment, satellite phones, CB & scanners, pagers... we have the telecommunications products you need!","robots":{"index":"index","follow":"follow","max-snippet":"max-snippet:-1","max-image-preview":"max-image-preview:large","max-video-preview":"max-video-preview:-1"},"canonical":"https:\/\/orizonmobile.com\/en\/products\/","og_locale":"en_US","og_type":"article","og_title":"Products - Orizon Mobile","og_description":"Radio equipment, satellite phones, CB & scanners, pagers... we have the telecommunications products you need!","og_url":"https:\/\/orizonmobile.com\/en\/products\/","og_site_name":"Orizon Mobile","article_publisher":"https:\/\/www.facebook.com\/orizonmobile","article_modified_time":"2023-06-01T15:42:15+00:00","twitter_card":"summary_large_image","schema":{"@context":"https:\/\/schema.org","@graph":[{"@type":"WebPage","@id":"https:\/\/orizonmobile.com\/en\/products\/","url":"https:\/\/orizonmobile.com\/en\/products\/","name":"Products - Orizon Mobile","isPartOf":{"@id":"https:\/\/orizonmobile.com\/en\/#website"},"datePublished":"2019-10-09T18:14:00+00:00","dateModified":"2023-06-01T15:42:15+00:00","description":"Radio equipment, satellite phones, CB & scanners, pagers... we have the telecommunications products you need!","breadcrumb":{"@id":"https:\/\/orizonmobile.com\/en\/products\/#breadcrumb"},"inLanguage":"en-US","potentialAction":[{"@type":"ReadAction","target":["https:\/\/orizonmobile.com\/en\/products\/"]}]},{"@type":"BreadcrumbList","@id":"https:\/\/orizonmobile.com\/en\/products\/#breadcrumb","itemListElement":[{"@type":"ListItem","position":1,"name":"Accueil","item":"https:\/\/orizonmobile.com\/en\/"},{"@type":"ListItem","position":2,"name":"Products"}]},{"@type":"WebSite","@id":"https:\/\/orizonmobile.com\/en\/#website","url":"https:\/\/orizonmobile.com\/en\/","name":"Orizon Mobile","description":"Orizon Mobile","publisher":{"@id":"https:\/\/orizonmobile.com\/en\/#organization"},"potentialAction":[{"@type":"SearchAction","target":{"@type":"EntryPoint","urlTemplate":"https:\/\/orizonmobile.com\/en\/?s={search_term_string}"},"query-input":{"@type":"PropertyValueSpecification","valueRequired":true,"valueName":"search_term_string"}}],"inLanguage":"en-US"},{"@type":"Organization","@id":"https:\/\/orizonmobile.com\/en\/#organization","name":"Orizon Mobile","url":"https:\/\/orizonmobile.com\/en\/","logo":{"@type":"ImageObject","inLanguage":"en-US","@id":"https:\/\/orizonmobile.com\/en\/#\/schema\/logo\/image\/","url":"https:\/\/orizonmobile.com\/wp-content\/uploads\/2021\/10\/OM-Promo-RGB.png","contentUrl":"https:\/\/orizonmobile.com\/wp-content\/uploads\/2021\/10\/OM-Promo-RGB.png","width":518,"height":278,"caption":"Orizon Mobile"},"image":{"@id":"https:\/\/orizonmobile.com\/en\/#\/schema\/logo\/image\/"},"sameAs":["https:\/\/www.facebook.com\/orizonmobile","https:\/\/www.instagram.com\/orizonmobile\/","https:\/\/www.linkedin.com\/company\/orizon-mobile","https:\/\/www.youtube.com\/channel\/UC33EZJT45G4ViC1gcL6a5lw"]}]}},"_links":{"self":[{"href":"https:\/\/orizonmobile.com\/en\/wp-json\/wp\/v2\/pages\/6639","targetHints":{"allow":["GET"]}}],"collection":[{"href":"https:\/\/orizonmobile.com\/en\/wp-json\/wp\/v2\/pages"}],"about":[{"href":"https:\/\/orizonmobile.com\/en\/wp-json\/wp\/v2\/types\/page"}],"author":[{"embeddable":true,"href":"https:\/\/orizonmobile.com\/en\/wp-json\/wp\/v2\/users\/2"}],"replies":[{"embeddable":true,"href":"https:\/\/orizonmobile.com\/en\/wp-json\/wp\/v2\/comments?post=6639"}],"version-history":[{"count":0,"href":"https:\/\/orizonmobile.com\/en\/wp-json\/wp\/v2\/pages\/6639\/revisions"}],"wp:attachment":[{"href":"https:\/\/orizonmobile.com\/en\/wp-json\/wp\/v2\/media?parent=6639"}],"curies":[{"name":"wp","href":"https:\/\/api.w.org\/{rel}","templated":true}]}}