{"id":6642,"date":"2019-10-09T14:19:38","date_gmt":"2019-10-09T14:19:38","guid":{"rendered":"https:\/\/orizonmobile.com\/services\/"},"modified":"2023-06-01T11:52:35","modified_gmt":"2023-06-01T15:52:35","slug":"services","status":"publish","type":"page","link":"https:\/\/orizonmobile.com\/en\/services\/","title":{"rendered":"Services"},"content":{"rendered":"\r\n<h2>We are ready to answer all your needs<\/h2>\r\n<p><img loading=\"lazy\" decoding=\"async\" title=\"installation de tour\" src=\"https:\/\/orizonmobile.com\/wp-content\/uploads\/2021\/09\/installation-de-tour-458x282.png\" alt=\"installation de tour\" width=\"458\" height=\"282\" \/><\/p>\r\n<p>Orizon Mobile offers a whole range of services to allow you to communicate in any situation. Whether you need to request a type of frequency, to build a communications tower, to find a vehicle fleet management solution or more, we have the solution for you!<\/p>\r\n<p><a role=\"button\" href=\"https:\/\/orizonmobile.com\/en\/contact\/\" target=\"_self\" rel=\"noopener\"> Contact us ! <\/a> \n    <div class=\"pgcontainer archive\">\n      <div class=\"fl-row-fixed-width clearfix\">\n\n    \n        <div class=\"col-lg-3 col-md-3 col-sm-6 col-xs-12 Block\">\n\n          <div class=\"box\">\n            <a href=\"https:\/\/orizonmobile.com\/en\/services\/location-dequipements-de-telecommunication\/\">\n              <div class=\"thumb marginBtm20\">\n                <img loading=\"lazy\" decoding=\"async\" width=\"224\" height=\"229\" src=\"https:\/\/orizonmobile.com\/wp-content\/uploads\/2019\/08\/Location-de-radios-224x229.png\" class=\"attachment-archive_size size-archive_size wp-post-image\" alt=\"\" srcset=\"https:\/\/orizonmobile.com\/wp-content\/uploads\/2019\/08\/Location-de-radios-224x229.png 224w, https:\/\/orizonmobile.com\/wp-content\/uploads\/2019\/08\/Location-de-radios-e1570054888311.png 150w\" sizes=\"auto, (max-width: 224px) 100vw, 224px\" \/>                <span>services<\/span>\n              <\/div>\n              <div class=\"tit\">Telecommunications Equipment Rental<\/div>\n            <\/a>\n          <\/div>\n\n        <\/div>\n    \n        <div class=\"col-lg-3 col-md-3 col-sm-6 col-xs-12 Block\">\n\n          <div class=\"box\">\n            <a href=\"https:\/\/orizonmobile.com\/en\/services\/mobile-telephony\/\">\n              <div class=\"thumb marginBtm20\">\n                <img loading=\"lazy\" decoding=\"async\" width=\"224\" height=\"229\" src=\"https:\/\/orizonmobile.com\/wp-content\/uploads\/2019\/08\/T\u00e9l\u00e9phonie-Celluraire-224x229.png\" class=\"attachment-archive_size size-archive_size wp-post-image\" alt=\"\" \/>                <span>services<\/span>\n              <\/div>\n              <div class=\"tit\">Mobile Telephony<\/div>\n            <\/a>\n          <\/div>\n\n        <\/div>\n    \n        <div class=\"col-lg-3 col-md-3 col-sm-6 col-xs-12 Block\">\n\n          <div class=\"box\">\n            <a href=\"https:\/\/orizonmobile.com\/en\/services\/repair-and-maintenance\/\">\n              <div class=\"thumb marginBtm20\">\n                <img loading=\"lazy\" decoding=\"async\" width=\"150\" height=\"153\" src=\"https:\/\/orizonmobile.com\/wp-content\/uploads\/2019\/09\/Entretien-et-r\u00e9parations-e1570054816718.png\" class=\"attachment-archive_size size-archive_size wp-post-image\" alt=\"\" \/>                <span>services<\/span>\n              <\/div>\n              <div class=\"tit\">Repair and Maintenance<\/div>\n            <\/a>\n          <\/div>\n\n        <\/div>\n    \n        <div class=\"col-lg-3 col-md-3 col-sm-6 col-xs-12 Block\">\n\n          <div class=\"box\">\n            <a href=\"https:\/\/orizonmobile.com\/en\/services\/go-mobile-lte\/\">\n              <div class=\"thumb marginBtm20\">\n                <img loading=\"lazy\" decoding=\"async\" width=\"224\" height=\"231\" src=\"https:\/\/orizonmobile.com\/wp-content\/uploads\/2025\/12\/go-mobile-lte-53-224x231.jpg\" class=\"attachment-archive_size size-archive_size wp-post-image\" alt=\"\" \/>                <span>services<\/span>\n              <\/div>\n              <div class=\"tit\">Go Mobile LTE &#8211; A PoC Solution<\/div>\n            <\/a>\n          <\/div>\n\n        <\/div>\n    \n        <div class=\"col-lg-3 col-md-3 col-sm-6 col-xs-12 Block\">\n\n          <div class=\"box\">\n            <a href=\"https:\/\/orizonmobile.com\/en\/services\/temps-donde-et-reseaux-go-mobile\/\">\n              <div class=\"thumb marginBtm20\">\n                <img loading=\"lazy\" decoding=\"async\" width=\"224\" height=\"229\" src=\"https:\/\/orizonmobile.com\/wp-content\/uploads\/2019\/08\/Temps-donde-et-r\u00e9seau-224x229.png\" class=\"attachment-archive_size size-archive_size wp-post-image\" alt=\"\" \/>                <span>services<\/span>\n              <\/div>\n              <div class=\"tit\">Airtime and Network (Go Mobile)<\/div>\n            <\/a>\n          <\/div>\n\n        <\/div>\n    \n        <div class=\"col-lg-3 col-md-3 col-sm-6 col-xs-12 Block\">\n\n          <div class=\"box\">\n            <a href=\"https:\/\/orizonmobile.com\/en\/services\/rental-of-satellite-telephony-devices\/\">\n              <div class=\"thumb marginBtm20\">\n                <img loading=\"lazy\" decoding=\"async\" width=\"224\" height=\"229\" src=\"https:\/\/orizonmobile.com\/wp-content\/uploads\/2020\/07\/T\u00e9l\u00e9phonie-Satellite-224x229.png\" class=\"attachment-archive_size size-archive_size wp-post-image\" alt=\"\" \/>                <span>services<\/span>\n              <\/div>\n              <div class=\"tit\">Rental of satellite telephony devices<\/div>\n            <\/a>\n          <\/div>\n\n        <\/div>\n    \n        <div class=\"col-lg-3 col-md-3 col-sm-6 col-xs-12 Block\">\n\n          <div class=\"box\">\n            <a href=\"https:\/\/orizonmobile.com\/en\/services\/telephonie-ip\/\">\n              <div class=\"thumb marginBtm20\">\n                <img loading=\"lazy\" decoding=\"async\" width=\"224\" height=\"229\" src=\"https:\/\/orizonmobile.com\/wp-content\/uploads\/2019\/08\/T\u00e9l\u00e9phonie-IP-224x229.png\" class=\"attachment-archive_size size-archive_size wp-post-image\" alt=\"\" \/>                <span>services<\/span>\n              <\/div>\n              <div class=\"tit\">IP Telephony<\/div>\n            <\/a>\n          <\/div>\n\n        <\/div>\n    \n        <div class=\"col-lg-3 col-md-3 col-sm-6 col-xs-12 Block\">\n\n          <div class=\"box\">\n            <a href=\"https:\/\/orizonmobile.com\/en\/services\/fleet-management\/\">\n              <div class=\"thumb marginBtm20\">\n                <img loading=\"lazy\" decoding=\"async\" width=\"224\" height=\"229\" src=\"https:\/\/orizonmobile.com\/wp-content\/uploads\/2019\/08\/Gestion-de-flottes-224x229.png\" class=\"attachment-archive_size size-archive_size wp-post-image\" alt=\"\" \/>                <span>services<\/span>\n              <\/div>\n              <div class=\"tit\">Fleet Management<\/div>\n            <\/a>\n          <\/div>\n\n        <\/div>\n    \n        <div class=\"col-lg-3 col-md-3 col-sm-6 col-xs-12 Block\">\n\n          <div class=\"box\">\n            <a href=\"https:\/\/orizonmobile.com\/en\/services\/installation-of-communication-towers\/\">\n              <div class=\"thumb marginBtm20\">\n                <img loading=\"lazy\" decoding=\"async\" width=\"224\" height=\"229\" src=\"https:\/\/orizonmobile.com\/wp-content\/uploads\/2019\/08\/Construction-de-tours-de-communication-224x229.png\" class=\"attachment-archive_size size-archive_size wp-post-image\" alt=\"\" srcset=\"https:\/\/orizonmobile.com\/wp-content\/uploads\/2019\/08\/Construction-de-tours-de-communication-224x229.png 224w, https:\/\/orizonmobile.com\/wp-content\/uploads\/2019\/08\/Construction-de-tours-de-communication-e1570054856345.png 150w\" sizes=\"auto, (max-width: 224px) 100vw, 224px\" \/>                <span>services<\/span>\n              <\/div>\n              <div class=\"tit\">Installation of communication towers<\/div>\n            <\/a>\n          <\/div>\n\n        <\/div>\n    \n        <div class=\"col-lg-3 col-md-3 col-sm-6 col-xs-12 Block\">\n\n          <div class=\"box\">\n            <a href=\"https:\/\/orizonmobile.com\/en\/services\/telemetry-and-broadband-communication\/\">\n              <div class=\"thumb marginBtm20\">\n                <img loading=\"lazy\" decoding=\"async\" width=\"224\" height=\"229\" src=\"https:\/\/orizonmobile.com\/wp-content\/uploads\/2019\/08\/T\u00e9l\u00e9m\u00e9trie-224x229.png\" class=\"attachment-archive_size size-archive_size wp-post-image\" alt=\"\" \/>                <span>services<\/span>\n              <\/div>\n              <div class=\"tit\">Telemetry and broadband communication<\/div>\n            <\/a>\n          <\/div>\n\n        <\/div>\n    \n        <div class=\"col-lg-3 col-md-3 col-sm-6 col-xs-12 Block\">\n\n          <div class=\"box\">\n            <a href=\"https:\/\/orizonmobile.com\/en\/services\/engineering\/\">\n              <div class=\"thumb marginBtm20\">\n                <img loading=\"lazy\" decoding=\"async\" width=\"224\" height=\"229\" src=\"https:\/\/orizonmobile.com\/wp-content\/uploads\/2019\/08\/Ing\u00e9nierie-224x229.png\" class=\"attachment-archive_size size-archive_size wp-post-image\" alt=\"\" \/>                <span>services<\/span>\n              <\/div>\n              <div class=\"tit\">Engineering<\/div>\n            <\/a>\n          <\/div>\n\n        <\/div>\n    \n        <div class=\"col-lg-3 col-md-3 col-sm-6 col-xs-12 Block\">\n\n          <div class=\"box\">\n            <a href=\"https:\/\/orizonmobile.com\/en\/services\/samsung-service-center\/\">\n              <div class=\"thumb marginBtm20\">\n                <img loading=\"lazy\" decoding=\"async\" width=\"224\" height=\"229\" src=\"https:\/\/orizonmobile.com\/wp-content\/uploads\/2021\/01\/CdSSamsung-26-224x229.jpg\" class=\"attachment-archive_size size-archive_size wp-post-image\" alt=\"\" \/>                <span>services<\/span>\n              <\/div>\n              <div class=\"tit\">Samsung Service Center<\/div>\n            <\/a>\n          <\/div>\n\n        <\/div>\n       \n   <\/div>\n  <\/div>\n\n<\/p>\r\n","protected":false},"excerpt":{"rendered":"<p>Did you drop your Samsung phone or tablet and the screen shattered? Your battery is no longer charging and needs to be replaced? For any breakage or replacement of a defective part on your Galaxy brand device, our TELUS stores are now Samsung service centers, which guarantees you a repair made by certified professionals. &nbsp;&hellip;<\/p>\n","protected":false},"author":2,"featured_media":0,"parent":0,"menu_order":107,"comment_status":"closed","ping_status":"closed","template":"","meta":{"footnotes":""},"class_list":["post-6642","page","type-page","status-publish","hentry"],"yoast_head":"<!-- This site is optimized with the Yoast SEO plugin v27.4 - https:\/\/yoast.com\/product\/yoast-seo-wordpress\/ -->\n<title>Services - Orizon Mobile<\/title>\n<meta name=\"description\" content=\"We provide a variety of telecommunications services, from radio equipment rental to vehicle fleet management!\" \/>\n<meta name=\"robots\" content=\"index, follow, max-snippet:-1, max-image-preview:large, max-video-preview:-1\" \/>\n<link rel=\"canonical\" href=\"https:\/\/orizonmobile.com\/en\/services\/\" \/>\n<meta property=\"og:locale\" content=\"en_US\" \/>\n<meta property=\"og:type\" content=\"article\" \/>\n<meta property=\"og:title\" content=\"Services - Orizon Mobile\" \/>\n<meta property=\"og:description\" content=\"We provide a variety of telecommunications services, from radio equipment rental to vehicle fleet management!\" \/>\n<meta property=\"og:url\" content=\"https:\/\/orizonmobile.com\/en\/services\/\" \/>\n<meta property=\"og:site_name\" content=\"Orizon Mobile\" \/>\n<meta property=\"article:publisher\" content=\"https:\/\/www.facebook.com\/orizonmobile\" \/>\n<meta property=\"article:modified_time\" content=\"2023-06-01T15:52:35+00:00\" \/>\n<meta property=\"og:image\" content=\"https:\/\/orizonmobile.com\/wp-content\/uploads\/2021\/09\/installation-de-tour-458x282.png\" \/>\n<meta name=\"twitter:card\" content=\"summary_large_image\" \/>\n<script type=\"application\/ld+json\" class=\"yoast-schema-graph\">{\"@context\":\"https:\\\/\\\/schema.org\",\"@graph\":[{\"@type\":\"WebPage\",\"@id\":\"https:\\\/\\\/orizonmobile.com\\\/en\\\/services\\\/\",\"url\":\"https:\\\/\\\/orizonmobile.com\\\/en\\\/services\\\/\",\"name\":\"Services - Orizon Mobile\",\"isPartOf\":{\"@id\":\"https:\\\/\\\/orizonmobile.com\\\/en\\\/#website\"},\"primaryImageOfPage\":{\"@id\":\"https:\\\/\\\/orizonmobile.com\\\/en\\\/services\\\/#primaryimage\"},\"image\":{\"@id\":\"https:\\\/\\\/orizonmobile.com\\\/en\\\/services\\\/#primaryimage\"},\"thumbnailUrl\":\"https:\\\/\\\/orizonmobile.com\\\/wp-content\\\/uploads\\\/2021\\\/09\\\/installation-de-tour-458x282.png\",\"datePublished\":\"2019-10-09T14:19:38+00:00\",\"dateModified\":\"2023-06-01T15:52:35+00:00\",\"description\":\"We provide a variety of telecommunications services, from radio equipment rental to vehicle fleet management!\",\"breadcrumb\":{\"@id\":\"https:\\\/\\\/orizonmobile.com\\\/en\\\/services\\\/#breadcrumb\"},\"inLanguage\":\"en-US\",\"potentialAction\":[{\"@type\":\"ReadAction\",\"target\":[\"https:\\\/\\\/orizonmobile.com\\\/en\\\/services\\\/\"]}]},{\"@type\":\"ImageObject\",\"inLanguage\":\"en-US\",\"@id\":\"https:\\\/\\\/orizonmobile.com\\\/en\\\/services\\\/#primaryimage\",\"url\":\"https:\\\/\\\/orizonmobile.com\\\/wp-content\\\/uploads\\\/2021\\\/09\\\/installation-de-tour-458x282.png\",\"contentUrl\":\"https:\\\/\\\/orizonmobile.com\\\/wp-content\\\/uploads\\\/2021\\\/09\\\/installation-de-tour-458x282.png\"},{\"@type\":\"BreadcrumbList\",\"@id\":\"https:\\\/\\\/orizonmobile.com\\\/en\\\/services\\\/#breadcrumb\",\"itemListElement\":[{\"@type\":\"ListItem\",\"position\":1,\"name\":\"Accueil\",\"item\":\"https:\\\/\\\/orizonmobile.com\\\/en\\\/\"},{\"@type\":\"ListItem\",\"position\":2,\"name\":\"Services\"}]},{\"@type\":\"WebSite\",\"@id\":\"https:\\\/\\\/orizonmobile.com\\\/en\\\/#website\",\"url\":\"https:\\\/\\\/orizonmobile.com\\\/en\\\/\",\"name\":\"Orizon Mobile\",\"description\":\"Orizon Mobile\",\"publisher\":{\"@id\":\"https:\\\/\\\/orizonmobile.com\\\/en\\\/#organization\"},\"potentialAction\":[{\"@type\":\"SearchAction\",\"target\":{\"@type\":\"EntryPoint\",\"urlTemplate\":\"https:\\\/\\\/orizonmobile.com\\\/en\\\/?s={search_term_string}\"},\"query-input\":{\"@type\":\"PropertyValueSpecification\",\"valueRequired\":true,\"valueName\":\"search_term_string\"}}],\"inLanguage\":\"en-US\"},{\"@type\":\"Organization\",\"@id\":\"https:\\\/\\\/orizonmobile.com\\\/en\\\/#organization\",\"name\":\"Orizon Mobile\",\"url\":\"https:\\\/\\\/orizonmobile.com\\\/en\\\/\",\"logo\":{\"@type\":\"ImageObject\",\"inLanguage\":\"en-US\",\"@id\":\"https:\\\/\\\/orizonmobile.com\\\/en\\\/#\\\/schema\\\/logo\\\/image\\\/\",\"url\":\"https:\\\/\\\/orizonmobile.com\\\/wp-content\\\/uploads\\\/2021\\\/10\\\/OM-Promo-RGB.png\",\"contentUrl\":\"https:\\\/\\\/orizonmobile.com\\\/wp-content\\\/uploads\\\/2021\\\/10\\\/OM-Promo-RGB.png\",\"width\":518,\"height\":278,\"caption\":\"Orizon Mobile\"},\"image\":{\"@id\":\"https:\\\/\\\/orizonmobile.com\\\/en\\\/#\\\/schema\\\/logo\\\/image\\\/\"},\"sameAs\":[\"https:\\\/\\\/www.facebook.com\\\/orizonmobile\",\"https:\\\/\\\/www.instagram.com\\\/orizonmobile\\\/\",\"https:\\\/\\\/www.linkedin.com\\\/company\\\/orizon-mobile\",\"https:\\\/\\\/www.youtube.com\\\/channel\\\/UC33EZJT45G4ViC1gcL6a5lw\"]}]}<\/script>\n<!-- \/ Yoast SEO plugin. -->","yoast_head_json":{"title":"Services - Orizon Mobile","description":"We provide a variety of telecommunications services, from radio equipment rental to vehicle fleet management!","robots":{"index":"index","follow":"follow","max-snippet":"max-snippet:-1","max-image-preview":"max-image-preview:large","max-video-preview":"max-video-preview:-1"},"canonical":"https:\/\/orizonmobile.com\/en\/services\/","og_locale":"en_US","og_type":"article","og_title":"Services - Orizon Mobile","og_description":"We provide a variety of telecommunications services, from radio equipment rental to vehicle fleet management!","og_url":"https:\/\/orizonmobile.com\/en\/services\/","og_site_name":"Orizon Mobile","article_publisher":"https:\/\/www.facebook.com\/orizonmobile","article_modified_time":"2023-06-01T15:52:35+00:00","og_image":[{"url":"https:\/\/orizonmobile.com\/wp-content\/uploads\/2021\/09\/installation-de-tour-458x282.png","type":"","width":"","height":""}],"twitter_card":"summary_large_image","schema":{"@context":"https:\/\/schema.org","@graph":[{"@type":"WebPage","@id":"https:\/\/orizonmobile.com\/en\/services\/","url":"https:\/\/orizonmobile.com\/en\/services\/","name":"Services - Orizon Mobile","isPartOf":{"@id":"https:\/\/orizonmobile.com\/en\/#website"},"primaryImageOfPage":{"@id":"https:\/\/orizonmobile.com\/en\/services\/#primaryimage"},"image":{"@id":"https:\/\/orizonmobile.com\/en\/services\/#primaryimage"},"thumbnailUrl":"https:\/\/orizonmobile.com\/wp-content\/uploads\/2021\/09\/installation-de-tour-458x282.png","datePublished":"2019-10-09T14:19:38+00:00","dateModified":"2023-06-01T15:52:35+00:00","description":"We provide a variety of telecommunications services, from radio equipment rental to vehicle fleet management!","breadcrumb":{"@id":"https:\/\/orizonmobile.com\/en\/services\/#breadcrumb"},"inLanguage":"en-US","potentialAction":[{"@type":"ReadAction","target":["https:\/\/orizonmobile.com\/en\/services\/"]}]},{"@type":"ImageObject","inLanguage":"en-US","@id":"https:\/\/orizonmobile.com\/en\/services\/#primaryimage","url":"https:\/\/orizonmobile.com\/wp-content\/uploads\/2021\/09\/installation-de-tour-458x282.png","contentUrl":"https:\/\/orizonmobile.com\/wp-content\/uploads\/2021\/09\/installation-de-tour-458x282.png"},{"@type":"BreadcrumbList","@id":"https:\/\/orizonmobile.com\/en\/services\/#breadcrumb","itemListElement":[{"@type":"ListItem","position":1,"name":"Accueil","item":"https:\/\/orizonmobile.com\/en\/"},{"@type":"ListItem","position":2,"name":"Services"}]},{"@type":"WebSite","@id":"https:\/\/orizonmobile.com\/en\/#website","url":"https:\/\/orizonmobile.com\/en\/","name":"Orizon Mobile","description":"Orizon Mobile","publisher":{"@id":"https:\/\/orizonmobile.com\/en\/#organization"},"potentialAction":[{"@type":"SearchAction","target":{"@type":"EntryPoint","urlTemplate":"https:\/\/orizonmobile.com\/en\/?s={search_term_string}"},"query-input":{"@type":"PropertyValueSpecification","valueRequired":true,"valueName":"search_term_string"}}],"inLanguage":"en-US"},{"@type":"Organization","@id":"https:\/\/orizonmobile.com\/en\/#organization","name":"Orizon Mobile","url":"https:\/\/orizonmobile.com\/en\/","logo":{"@type":"ImageObject","inLanguage":"en-US","@id":"https:\/\/orizonmobile.com\/en\/#\/schema\/logo\/image\/","url":"https:\/\/orizonmobile.com\/wp-content\/uploads\/2021\/10\/OM-Promo-RGB.png","contentUrl":"https:\/\/orizonmobile.com\/wp-content\/uploads\/2021\/10\/OM-Promo-RGB.png","width":518,"height":278,"caption":"Orizon Mobile"},"image":{"@id":"https:\/\/orizonmobile.com\/en\/#\/schema\/logo\/image\/"},"sameAs":["https:\/\/www.facebook.com\/orizonmobile","https:\/\/www.instagram.com\/orizonmobile\/","https:\/\/www.linkedin.com\/company\/orizon-mobile","https:\/\/www.youtube.com\/channel\/UC33EZJT45G4ViC1gcL6a5lw"]}]}},"_links":{"self":[{"href":"https:\/\/orizonmobile.com\/en\/wp-json\/wp\/v2\/pages\/6642","targetHints":{"allow":["GET"]}}],"collection":[{"href":"https:\/\/orizonmobile.com\/en\/wp-json\/wp\/v2\/pages"}],"about":[{"href":"https:\/\/orizonmobile.com\/en\/wp-json\/wp\/v2\/types\/page"}],"author":[{"embeddable":true,"href":"https:\/\/orizonmobile.com\/en\/wp-json\/wp\/v2\/users\/2"}],"replies":[{"embeddable":true,"href":"https:\/\/orizonmobile.com\/en\/wp-json\/wp\/v2\/comments?post=6642"}],"version-history":[{"count":0,"href":"https:\/\/orizonmobile.com\/en\/wp-json\/wp\/v2\/pages\/6642\/revisions"}],"wp:attachment":[{"href":"https:\/\/orizonmobile.com\/en\/wp-json\/wp\/v2\/media?parent=6642"}],"curies":[{"name":"wp","href":"https:\/\/api.w.org\/{rel}","templated":true}]}}