{"id":6647,"date":"2019-10-09T14:21:53","date_gmt":"2019-10-09T18:21:53","guid":{"rendered":"https:\/\/orizonmobile.com\/secteurs-dactivite\/"},"modified":"2022-05-30T15:04:20","modified_gmt":"2022-05-30T19:04:20","slug":"sectors-of-activity","status":"publish","type":"page","link":"https:\/\/orizonmobile.com\/en\/sectors-of-activity\/","title":{"rendered":"Sectors"},"content":{"rendered":"\r\n<h2>Here are several sectors in which we are present<\/h2>\r\n<p><img loading=\"lazy\" decoding=\"async\" title=\"T\u00e9l\u00e9communications unifi\u00e9es (simplifi\u00e9)-01\" src=\"https:\/\/orizonmobile.com\/wp-content\/uploads\/2021\/06\/T\u00e9l\u00e9communications-unifi\u00e9es-simplifi\u00e9-01.jpg\" alt=\"T\u00e9l\u00e9communications unifi\u00e9es (simplifi\u00e9)-01\" width=\"571\" height=\"441\" \/><\/p>\r\n<p>&nbsp;<\/p>\r\n<p>Orizon Mobile offers tailor-made telecommunications solutions for all sectors of activity. Here are our main examples.<\/p>\r\n<p>Whether your information and communications technology (ICT) needs are straightforward or off the beaten track, please contact us. We have the perfect solution for your business!<\/p>\r\n<p><a role=\"button\" href=\"https:\/\/orizonmobile.com\/en\/contact\" target=\"_self\" rel=\"noopener\"> Contact us now ! <\/a> \n\t\t<div class=\"pgcontainer archive\">\n\t\t\t<div class=\"fl-row-fixed-width clearfix\">\n\t\t\t\t<ul class='sectype_block'>\n\t\t\t\t\t\n\t\t\t\t\t\t<li>\n\t\t\t\t\t\t\t<div class=\"sectype_box\">\n\t\t\t\t\t\t\t\t<div class=\"thumb\">\n\t\t\t\t\t\t\t\t\t<img decoding=\"async\" src=\"https:\/\/orizonmobile.com\/wp-content\/uploads\/2019\/08\/Services-publics.png\">\n\t\t\t\t\t\t\t\t<\/div>\n\t\t\t\t\t\t\t\t<div class=\"tit marginBtm20\">Public services<\/div>\n\t\t\t\t\t\t\t\t<div class=\"readmore\">\n\t\t\t\t\t\t\t\t\t<a href=\"https:\/\/orizonmobile.com\/en\/sectors-of-activity\/public-services\/\">See details<\/a>\n\t\t\t\t\t\t\t\t<\/div>\n\t\t\t\t\t\t\t<\/div>\n\t\t\t\t\t\t<\/li>\n\n\t\t\t\t\t\t\n\t\t\t\t\t\t<li>\n\t\t\t\t\t\t\t<div class=\"sectype_box\">\n\t\t\t\t\t\t\t\t<div class=\"thumb\">\n\t\t\t\t\t\t\t\t\t<img decoding=\"async\" src=\"https:\/\/orizonmobile.com\/wp-content\/uploads\/2019\/08\/S\u00e9curit\u00e9-publique.png\">\n\t\t\t\t\t\t\t\t<\/div>\n\t\t\t\t\t\t\t\t<div class=\"tit marginBtm20\">Public safety<\/div>\n\t\t\t\t\t\t\t\t<div class=\"readmore\">\n\t\t\t\t\t\t\t\t\t<a href=\"https:\/\/orizonmobile.com\/en\/sectors-of-activity\/public-safety\/\">See details<\/a>\n\t\t\t\t\t\t\t\t<\/div>\n\t\t\t\t\t\t\t<\/div>\n\t\t\t\t\t\t<\/li>\n\n\t\t\t\t\t\t\n\t\t\t\t\t\t<li>\n\t\t\t\t\t\t\t<div class=\"sectype_box\">\n\t\t\t\t\t\t\t\t<div class=\"thumb\">\n\t\t\t\t\t\t\t\t\t<img decoding=\"async\" src=\"https:\/\/orizonmobile.com\/wp-content\/uploads\/2019\/10\/Santee.png\">\n\t\t\t\t\t\t\t\t<\/div>\n\t\t\t\t\t\t\t\t<div class=\"tit marginBtm20\">Health<\/div>\n\t\t\t\t\t\t\t\t<div class=\"readmore\">\n\t\t\t\t\t\t\t\t\t<a href=\"https:\/\/orizonmobile.com\/en\/sectors-of-activity\/health\/\">See details<\/a>\n\t\t\t\t\t\t\t\t<\/div>\n\t\t\t\t\t\t\t<\/div>\n\t\t\t\t\t\t<\/li>\n\n\t\t\t\t\t\t\n\t\t\t\t\t\t<li>\n\t\t\t\t\t\t\t<div class=\"sectype_box\">\n\t\t\t\t\t\t\t\t<div class=\"thumb\">\n\t\t\t\t\t\t\t\t\t<img decoding=\"async\" src=\"https:\/\/orizonmobile.com\/wp-content\/uploads\/2019\/08\/Premi\u00e8res-Nations.png\">\n\t\t\t\t\t\t\t\t<\/div>\n\t\t\t\t\t\t\t\t<div class=\"tit marginBtm20\">First Nations<\/div>\n\t\t\t\t\t\t\t\t<div class=\"readmore\">\n\t\t\t\t\t\t\t\t\t<a href=\"https:\/\/orizonmobile.com\/en\/sectors-of-activity\/first-nations\/\">See details<\/a>\n\t\t\t\t\t\t\t\t<\/div>\n\t\t\t\t\t\t\t<\/div>\n\t\t\t\t\t\t<\/li>\n\n\t\t\t\t\t\t\n\t\t\t\t\t\t<li>\n\t\t\t\t\t\t\t<div class=\"sectype_box\">\n\t\t\t\t\t\t\t\t<div class=\"thumb\">\n\t\t\t\t\t\t\t\t\t<img decoding=\"async\" src=\"https:\/\/orizonmobile.com\/wp-content\/uploads\/2019\/08\/Industrie-Mini\u00e8re.png\">\n\t\t\t\t\t\t\t\t<\/div>\n\t\t\t\t\t\t\t\t<div class=\"tit marginBtm20\">Mines<\/div>\n\t\t\t\t\t\t\t\t<div class=\"readmore\">\n\t\t\t\t\t\t\t\t\t<a href=\"https:\/\/orizonmobile.com\/en\/sectors-of-activity\/mines\/\">See details<\/a>\n\t\t\t\t\t\t\t\t<\/div>\n\t\t\t\t\t\t\t<\/div>\n\t\t\t\t\t\t<\/li>\n\n\t\t\t\t\t\t\n\t\t\t\t\t\t<li>\n\t\t\t\t\t\t\t<div class=\"sectype_box\">\n\t\t\t\t\t\t\t\t<div class=\"thumb\">\n\t\t\t\t\t\t\t\t\t<img decoding=\"async\" src=\"https:\/\/orizonmobile.com\/wp-content\/uploads\/2019\/08\/Industriel-et-commercial.png\">\n\t\t\t\t\t\t\t\t<\/div>\n\t\t\t\t\t\t\t\t<div class=\"tit marginBtm20\">Industrial &#038; commercial<\/div>\n\t\t\t\t\t\t\t\t<div class=\"readmore\">\n\t\t\t\t\t\t\t\t\t<a href=\"https:\/\/orizonmobile.com\/en\/sectors-of-activity\/industrial-and-commercial\/\">See details<\/a>\n\t\t\t\t\t\t\t\t<\/div>\n\t\t\t\t\t\t\t<\/div>\n\t\t\t\t\t\t<\/li>\n\n\t\t\t\t\t\t\n\t\t\t\t\t\t<li>\n\t\t\t\t\t\t\t<div class=\"sectype_box\">\n\t\t\t\t\t\t\t\t<div class=\"thumb\">\n\t\t\t\t\t\t\t\t\t<img decoding=\"async\" src=\"https:\/\/orizonmobile.com\/wp-content\/uploads\/2019\/09\/Hotellerie-et-restauration.png\">\n\t\t\t\t\t\t\t\t<\/div>\n\t\t\t\t\t\t\t\t<div class=\"tit marginBtm20\">Hotels and restaurants<\/div>\n\t\t\t\t\t\t\t\t<div class=\"readmore\">\n\t\t\t\t\t\t\t\t\t<a href=\"https:\/\/orizonmobile.com\/en\/sectors-of-activity\/hotels-and-restaurants\/\">See details<\/a>\n\t\t\t\t\t\t\t\t<\/div>\n\t\t\t\t\t\t\t<\/div>\n\t\t\t\t\t\t<\/li>\n\n\t\t\t\t\t\t\n\t\t\t\t\t\t<li>\n\t\t\t\t\t\t\t<div class=\"sectype_box\">\n\t\t\t\t\t\t\t\t<div class=\"thumb\">\n\t\t\t\t\t\t\t\t\t<img decoding=\"async\" src=\"https:\/\/orizonmobile.com\/wp-content\/uploads\/2019\/08\/\u00c9v\u00e9nementiel.png\">\n\t\t\t\t\t\t\t\t<\/div>\n\t\t\t\t\t\t\t\t<div class=\"tit marginBtm20\">Events<\/div>\n\t\t\t\t\t\t\t\t<div class=\"readmore\">\n\t\t\t\t\t\t\t\t\t<a href=\"https:\/\/orizonmobile.com\/en\/sectors-of-activity\/events\/\">See details<\/a>\n\t\t\t\t\t\t\t\t<\/div>\n\t\t\t\t\t\t\t<\/div>\n\t\t\t\t\t\t<\/li>\n\n\t\t\t\t\t\t\n\t\t\t\t\t\t<li>\n\t\t\t\t\t\t\t<div class=\"sectype_box\">\n\t\t\t\t\t\t\t\t<div class=\"thumb\">\n\t\t\t\t\t\t\t\t\t<img decoding=\"async\" src=\"https:\/\/orizonmobile.com\/wp-content\/uploads\/2019\/10\/Construction.png\">\n\t\t\t\t\t\t\t\t<\/div>\n\t\t\t\t\t\t\t\t<div class=\"tit marginBtm20\">Construction<\/div>\n\t\t\t\t\t\t\t\t<div class=\"readmore\">\n\t\t\t\t\t\t\t\t\t<a href=\"https:\/\/orizonmobile.com\/en\/sectors-of-activity\/construction\/\">See details<\/a>\n\t\t\t\t\t\t\t\t<\/div>\n\t\t\t\t\t\t\t<\/div>\n\t\t\t\t\t\t<\/li>\n\n\t\t\t\t\t\t\n\t\t\t\t\t\t<li>\n\t\t\t\t\t\t\t<div class=\"sectype_box\">\n\t\t\t\t\t\t\t\t<div class=\"thumb\">\n\t\t\t\t\t\t\t\t\t<img decoding=\"async\" src=\"https:\/\/orizonmobile.com\/wp-content\/uploads\/2019\/08\/Chasse-et-p\u00eache.png\">\n\t\t\t\t\t\t\t\t<\/div>\n\t\t\t\t\t\t\t\t<div class=\"tit marginBtm20\">Hunting and fishing<\/div>\n\t\t\t\t\t\t\t\t<div class=\"readmore\">\n\t\t\t\t\t\t\t\t\t<a href=\"https:\/\/orizonmobile.com\/en\/sectors-of-activity\/hunting-and-fishing\/\">See details<\/a>\n\t\t\t\t\t\t\t\t<\/div>\n\t\t\t\t\t\t\t<\/div>\n\t\t\t\t\t\t<\/li>\n\n\t\t\t\t\t\t\t\t\t\t<\/ul>\n\t\t\t<\/div>\n\t\t<\/div> \n\n    <\/p>\r\n","protected":false},"excerpt":{"rendered":"<p>Are you an outdoor enthusiast? Do you want to get away from your daily life? However, do you want to maintain reliable communication in an emergency or stay in contact with your loved ones? We have options for you! From satellite technology to portable radios, including cellular amplifiers, we have what you need to live&hellip;<\/p>\n","protected":false},"author":2,"featured_media":0,"parent":0,"menu_order":106,"comment_status":"closed","ping_status":"closed","template":"","meta":{"footnotes":""},"class_list":["post-6647","page","type-page","status-publish","hentry"],"yoast_head":"<!-- This site is optimized with the Yoast SEO plugin v27.4 - https:\/\/yoast.com\/product\/yoast-seo-wordpress\/ -->\n<title>Sectors - Orizon Mobile<\/title>\n<meta name=\"description\" content=\"For over 30 years, Orizon Mobile has been providing customized telecommunication solutions for all industries.\" \/>\n<meta name=\"robots\" content=\"index, follow, max-snippet:-1, max-image-preview:large, max-video-preview:-1\" \/>\n<link rel=\"canonical\" href=\"https:\/\/orizonmobile.com\/en\/sectors-of-activity\/\" \/>\n<meta property=\"og:locale\" content=\"en_US\" \/>\n<meta property=\"og:type\" content=\"article\" \/>\n<meta property=\"og:title\" content=\"Sectors - Orizon Mobile\" \/>\n<meta property=\"og:description\" content=\"For over 30 years, Orizon Mobile has been providing customized telecommunication solutions for all industries.\" \/>\n<meta property=\"og:url\" content=\"https:\/\/orizonmobile.com\/en\/sectors-of-activity\/\" \/>\n<meta property=\"og:site_name\" content=\"Orizon Mobile\" \/>\n<meta property=\"article:publisher\" content=\"https:\/\/www.facebook.com\/orizonmobile\" \/>\n<meta property=\"article:modified_time\" content=\"2022-05-30T19:04:20+00:00\" \/>\n<meta name=\"twitter:card\" content=\"summary_large_image\" \/>\n<script type=\"application\/ld+json\" class=\"yoast-schema-graph\">{\"@context\":\"https:\\\/\\\/schema.org\",\"@graph\":[{\"@type\":\"WebPage\",\"@id\":\"https:\\\/\\\/orizonmobile.com\\\/en\\\/sectors-of-activity\\\/\",\"url\":\"https:\\\/\\\/orizonmobile.com\\\/en\\\/sectors-of-activity\\\/\",\"name\":\"Sectors - Orizon Mobile\",\"isPartOf\":{\"@id\":\"https:\\\/\\\/orizonmobile.com\\\/en\\\/#website\"},\"datePublished\":\"2019-10-09T18:21:53+00:00\",\"dateModified\":\"2022-05-30T19:04:20+00:00\",\"description\":\"For over 30 years, Orizon Mobile has been providing customized telecommunication solutions for all industries.\",\"breadcrumb\":{\"@id\":\"https:\\\/\\\/orizonmobile.com\\\/en\\\/sectors-of-activity\\\/#breadcrumb\"},\"inLanguage\":\"en-US\",\"potentialAction\":[{\"@type\":\"ReadAction\",\"target\":[\"https:\\\/\\\/orizonmobile.com\\\/en\\\/sectors-of-activity\\\/\"]}]},{\"@type\":\"BreadcrumbList\",\"@id\":\"https:\\\/\\\/orizonmobile.com\\\/en\\\/sectors-of-activity\\\/#breadcrumb\",\"itemListElement\":[{\"@type\":\"ListItem\",\"position\":1,\"name\":\"Accueil\",\"item\":\"https:\\\/\\\/orizonmobile.com\\\/en\\\/\"},{\"@type\":\"ListItem\",\"position\":2,\"name\":\"Sectors\"}]},{\"@type\":\"WebSite\",\"@id\":\"https:\\\/\\\/orizonmobile.com\\\/en\\\/#website\",\"url\":\"https:\\\/\\\/orizonmobile.com\\\/en\\\/\",\"name\":\"Orizon Mobile\",\"description\":\"Orizon Mobile\",\"publisher\":{\"@id\":\"https:\\\/\\\/orizonmobile.com\\\/en\\\/#organization\"},\"potentialAction\":[{\"@type\":\"SearchAction\",\"target\":{\"@type\":\"EntryPoint\",\"urlTemplate\":\"https:\\\/\\\/orizonmobile.com\\\/en\\\/?s={search_term_string}\"},\"query-input\":{\"@type\":\"PropertyValueSpecification\",\"valueRequired\":true,\"valueName\":\"search_term_string\"}}],\"inLanguage\":\"en-US\"},{\"@type\":\"Organization\",\"@id\":\"https:\\\/\\\/orizonmobile.com\\\/en\\\/#organization\",\"name\":\"Orizon Mobile\",\"url\":\"https:\\\/\\\/orizonmobile.com\\\/en\\\/\",\"logo\":{\"@type\":\"ImageObject\",\"inLanguage\":\"en-US\",\"@id\":\"https:\\\/\\\/orizonmobile.com\\\/en\\\/#\\\/schema\\\/logo\\\/image\\\/\",\"url\":\"https:\\\/\\\/orizonmobile.com\\\/wp-content\\\/uploads\\\/2021\\\/10\\\/OM-Promo-RGB.png\",\"contentUrl\":\"https:\\\/\\\/orizonmobile.com\\\/wp-content\\\/uploads\\\/2021\\\/10\\\/OM-Promo-RGB.png\",\"width\":518,\"height\":278,\"caption\":\"Orizon Mobile\"},\"image\":{\"@id\":\"https:\\\/\\\/orizonmobile.com\\\/en\\\/#\\\/schema\\\/logo\\\/image\\\/\"},\"sameAs\":[\"https:\\\/\\\/www.facebook.com\\\/orizonmobile\",\"https:\\\/\\\/www.instagram.com\\\/orizonmobile\\\/\",\"https:\\\/\\\/www.linkedin.com\\\/company\\\/orizon-mobile\",\"https:\\\/\\\/www.youtube.com\\\/channel\\\/UC33EZJT45G4ViC1gcL6a5lw\"]}]}<\/script>\n<!-- \/ Yoast SEO plugin. -->","yoast_head_json":{"title":"Sectors - Orizon Mobile","description":"For over 30 years, Orizon Mobile has been providing customized telecommunication solutions for all industries.","robots":{"index":"index","follow":"follow","max-snippet":"max-snippet:-1","max-image-preview":"max-image-preview:large","max-video-preview":"max-video-preview:-1"},"canonical":"https:\/\/orizonmobile.com\/en\/sectors-of-activity\/","og_locale":"en_US","og_type":"article","og_title":"Sectors - Orizon Mobile","og_description":"For over 30 years, Orizon Mobile has been providing customized telecommunication solutions for all industries.","og_url":"https:\/\/orizonmobile.com\/en\/sectors-of-activity\/","og_site_name":"Orizon Mobile","article_publisher":"https:\/\/www.facebook.com\/orizonmobile","article_modified_time":"2022-05-30T19:04:20+00:00","twitter_card":"summary_large_image","schema":{"@context":"https:\/\/schema.org","@graph":[{"@type":"WebPage","@id":"https:\/\/orizonmobile.com\/en\/sectors-of-activity\/","url":"https:\/\/orizonmobile.com\/en\/sectors-of-activity\/","name":"Sectors - Orizon Mobile","isPartOf":{"@id":"https:\/\/orizonmobile.com\/en\/#website"},"datePublished":"2019-10-09T18:21:53+00:00","dateModified":"2022-05-30T19:04:20+00:00","description":"For over 30 years, Orizon Mobile has been providing customized telecommunication solutions for all industries.","breadcrumb":{"@id":"https:\/\/orizonmobile.com\/en\/sectors-of-activity\/#breadcrumb"},"inLanguage":"en-US","potentialAction":[{"@type":"ReadAction","target":["https:\/\/orizonmobile.com\/en\/sectors-of-activity\/"]}]},{"@type":"BreadcrumbList","@id":"https:\/\/orizonmobile.com\/en\/sectors-of-activity\/#breadcrumb","itemListElement":[{"@type":"ListItem","position":1,"name":"Accueil","item":"https:\/\/orizonmobile.com\/en\/"},{"@type":"ListItem","position":2,"name":"Sectors"}]},{"@type":"WebSite","@id":"https:\/\/orizonmobile.com\/en\/#website","url":"https:\/\/orizonmobile.com\/en\/","name":"Orizon Mobile","description":"Orizon Mobile","publisher":{"@id":"https:\/\/orizonmobile.com\/en\/#organization"},"potentialAction":[{"@type":"SearchAction","target":{"@type":"EntryPoint","urlTemplate":"https:\/\/orizonmobile.com\/en\/?s={search_term_string}"},"query-input":{"@type":"PropertyValueSpecification","valueRequired":true,"valueName":"search_term_string"}}],"inLanguage":"en-US"},{"@type":"Organization","@id":"https:\/\/orizonmobile.com\/en\/#organization","name":"Orizon Mobile","url":"https:\/\/orizonmobile.com\/en\/","logo":{"@type":"ImageObject","inLanguage":"en-US","@id":"https:\/\/orizonmobile.com\/en\/#\/schema\/logo\/image\/","url":"https:\/\/orizonmobile.com\/wp-content\/uploads\/2021\/10\/OM-Promo-RGB.png","contentUrl":"https:\/\/orizonmobile.com\/wp-content\/uploads\/2021\/10\/OM-Promo-RGB.png","width":518,"height":278,"caption":"Orizon Mobile"},"image":{"@id":"https:\/\/orizonmobile.com\/en\/#\/schema\/logo\/image\/"},"sameAs":["https:\/\/www.facebook.com\/orizonmobile","https:\/\/www.instagram.com\/orizonmobile\/","https:\/\/www.linkedin.com\/company\/orizon-mobile","https:\/\/www.youtube.com\/channel\/UC33EZJT45G4ViC1gcL6a5lw"]}]}},"_links":{"self":[{"href":"https:\/\/orizonmobile.com\/en\/wp-json\/wp\/v2\/pages\/6647","targetHints":{"allow":["GET"]}}],"collection":[{"href":"https:\/\/orizonmobile.com\/en\/wp-json\/wp\/v2\/pages"}],"about":[{"href":"https:\/\/orizonmobile.com\/en\/wp-json\/wp\/v2\/types\/page"}],"author":[{"embeddable":true,"href":"https:\/\/orizonmobile.com\/en\/wp-json\/wp\/v2\/users\/2"}],"replies":[{"embeddable":true,"href":"https:\/\/orizonmobile.com\/en\/wp-json\/wp\/v2\/comments?post=6647"}],"version-history":[{"count":0,"href":"https:\/\/orizonmobile.com\/en\/wp-json\/wp\/v2\/pages\/6647\/revisions"}],"wp:attachment":[{"href":"https:\/\/orizonmobile.com\/en\/wp-json\/wp\/v2\/media?parent=6647"}],"curies":[{"name":"wp","href":"https:\/\/api.w.org\/{rel}","templated":true}]}}