{"id":6718,"date":"2019-06-10T06:58:26","date_gmt":"2019-06-10T06:58:26","guid":{"rendered":"https:\/\/orizonmobile.com\/home\/"},"modified":"2023-06-22T10:37:01","modified_gmt":"2023-06-22T14:37:01","slug":"unified-telecommunications-solutions","status":"publish","type":"page","link":"https:\/\/orizonmobile.com\/en\/","title":{"rendered":"Your Unified Communications Specialist"},"content":{"rendered":"\n<h1>\n\t\tGood communication is essential ! \n\t<\/h1>\n\t<p>A specialist in unified telecommunications, Orizon Mobile has offered solutions adapted to all technological spheres of the medium for almost 30 years: radiocommunication, IP telephony, cellular and satellite telephony, geolocation, mobile applications, hosting, cloud services, cabling and many more.<\/p>\n<p>We are an official dealer for well-known brands such as KENWOOD, Hytera, Icom, L3Harris, Iridium, Powertrunk\/Sepura and Pryme, to name but a few.<\/p>\n\t\t\t<a href=\"https:\/\/orizonmobile.com\/en\/a-propos\/\" target=\"_self\" role=\"button\" rel=\"noopener\">\n\t\t\t\t\t\t\tLearn more about us\n\t\t\t\t\t<\/a>\n\t\t\t\t<img loading=\"lazy\" decoding=\"async\" src=\"https:\/\/orizonmobile.com\/wp-content\/uploads\/2021\/01\/T\u00e9l\u00e9communications-unifi\u00e9es.jpg\" alt=\"T\u00e9l\u00e9communications unifi\u00e9es\" itemprop=\"image\" height=\"500\" width=\"750\" title=\"T\u00e9l\u00e9communications unifi\u00e9es\" onerror=\"this.style.display='none'\"  \/>\n<h3>\n\t\tNews &#038; Articles\n\t<\/h3>\n<h2>\n\t\t<a href=\"#\" title=\"Our Featured Brands\" target=\"_self\" rel=\"noopener\">\n\t\tOur Featured Brands\n\t\t<\/a>\n\t<\/h2>\n\t\t\t\t<a href=\"https:\/\/orizonmobile.com\/en\/brands\/kenwood\/\" target=\"_blank\" rel=\"noopener\" itemprop=\"url\">\n\t\t\t\t<img loading=\"lazy\" decoding=\"async\" src=\"https:\/\/orizonmobile.com\/wp-content\/uploads\/2019\/10\/Logo-Kenwood.png\" alt=\"Logo-Kenwood\" itemprop=\"image\" height=\"400\" width=\"400\" title=\"Logo-Kenwood\" onerror=\"this.style.display='none'\"  \/>\n\t\t\t\t<\/a>\n\t\t\t\t<a href=\"https:\/\/orizonmobile.com\/en\/brands\/l3harris\/\" target=\"_blank\" rel=\"noopener\" itemprop=\"url\">\n\t\t\t\t<img loading=\"lazy\" decoding=\"async\" src=\"https:\/\/orizonmobile.com\/wp-content\/uploads\/2020\/11\/L3Harris.png\" alt=\"L3Harris\" itemprop=\"image\" height=\"400\" width=\"400\" title=\"L3Harris\" onerror=\"this.style.display='none'\"  \/>\n\t\t\t\t<\/a>\n\t\t\t\t<a href=\"https:\/\/orizonmobile.com\/en\/brands\/hytera\/\" target=\"_blank\" rel=\"noopener\" itemprop=\"url\">\n\t\t\t\t<img decoding=\"async\" src=\"https:\/\/orizonmobile.com\/wp-content\/uploads\/2019\/09\/Hytera-e1638975343351.png\" alt=\"Hytera\" itemprop=\"image\" title=\"Hytera\" onerror=\"this.style.display='none'\"  \/>\n\t\t\t\t<\/a>\n\t\t\t\t<a href=\"https:\/\/orizonmobile.com\/en\/brands\/iridium\/\" target=\"_blank\" rel=\"noopener\" itemprop=\"url\">\n\t\t\t\t<img loading=\"lazy\" decoding=\"async\" src=\"https:\/\/orizonmobile.com\/wp-content\/uploads\/2020\/07\/Iridium-2.png\" alt=\"Iridium-2\" itemprop=\"image\" height=\"269\" width=\"1480\" title=\"Iridium-2\" onerror=\"this.style.display='none'\"  \/>\n\t\t\t\t<\/a>\n\t\t\t\t<a href=\"https:\/\/orizonmobile.com\/en\/services\/go-mobile-lte\/\" target=\"_blank\" rel=\"noopener\" itemprop=\"url\">\n\t\t\t\t<img loading=\"lazy\" decoding=\"async\" src=\"https:\/\/orizonmobile.com\/wp-content\/uploads\/2019\/10\/Go-Mobile.png\" alt=\"Go Mobile\" itemprop=\"image\" height=\"400\" width=\"400\" title=\"Go Mobile\" onerror=\"this.style.display='none'\"  \/>\n\t\t\t\t<\/a>\n\t\t\t\t<a href=\"https:\/\/orizonmobile.com\/en\/produits\/produits-telus\/\" target=\"_blank\" rel=\"noopener\" itemprop=\"url\">\n\t\t\t\t<img loading=\"lazy\" decoding=\"async\" src=\"https:\/\/orizonmobile.com\/wp-content\/uploads\/2021\/07\/Telus-logo-pour-page-brand.png\" alt=\"Telus logo pour page brand\" itemprop=\"image\" height=\"400\" width=\"400\" title=\"Telus logo pour page brand\" onerror=\"this.style.display='none'\"  \/>\n\t\t\t\t<\/a>\n\t\t\t<a href=\"https:\/\/orizonmobile.com\/en\/produits\/\" target=\"_self\" role=\"button\" rel=\"noopener\">\n\t\t\t\t\t\t\tSEE ALL\n\t\t\t\t\t<\/a>\n\t\t\t\t<p><strong>Good follow-up and communication<\/strong><\/p>\n<p><strong>There was a small delay for a refund, but I salute the professional quality of Mr. Whittom who was able to\u00a0 ensure an appropriate follow-up for a quality after sales service.<\/strong><\/p>\n<p><strong>&#8211; Mohammed Ajjouti<\/strong><\/p>\n\t\t\t\t<p><strong>Always very helpful,<\/strong><\/p>\n<p><strong>they&#8217;re not trying to sell you unnecessary packages.<\/strong><\/p>\n<p><strong>&#8211; Jean-Fran\u00e7ois Roussel<\/strong><\/p>\n\t\t\t<img decoding=\"async\" loading='false' src=\"https:\/\/orizonmobile.com\/wp-content\/uploads\/2021\/03\/Header-g\u00e9n\u00e9ral-1.jpg\" alt=\"\" \/>\t\t\t\n\t\t\t\t<p><strong>Knowledgeable staff and great service.<\/strong><\/p>\n<p><strong>I recommend them to you for all your telecommunication or cell phone projects.<\/strong><\/p>\n<p><strong>&#8211; Robin Delisle<\/strong><\/p>\n\t\t\t<img decoding=\"async\" loading='false' src=\"https:\/\/orizonmobile.com\/wp-content\/uploads\/2021\/03\/Header-g\u00e9n\u00e9ral-1.jpg\" alt=\"\" \/>\t\t\t\n\t\t\t\t<p><strong>Thank you very much for your professional, fast and efficient service.<\/strong><\/p>\n<p><strong>It&#8217;s very appreciated !<\/strong><\/p>\n<p><strong>&#8211; Sarah Boily<\/strong><\/p>\n\n","protected":false},"excerpt":{"rendered":"<p>Good communication is essential ! A specialist in unified telecommunications, Orizon Mobile has offered solutions adapted to all technological spheres of the medium for almost 30 years: radiocommunication, IP telephony, cellular and satellite telephony, geolocation, mobile applications, hosting, cloud services, cabling and many more. We are an official dealer for well-known brands such as KENWOOD,&hellip;<\/p>\n","protected":false},"author":2,"featured_media":6506,"parent":0,"menu_order":99,"comment_status":"closed","ping_status":"closed","template":"","meta":{"footnotes":""},"class_list":["post-6718","page","type-page","status-publish","has-post-thumbnail","hentry"],"yoast_head":"<!-- This site is optimized with the Yoast SEO plugin v27.3 - https:\/\/yoast.com\/product\/yoast-seo-wordpress\/ -->\n<title>Your Unified Communications Specialist - Orizon Mobile<\/title>\n<meta name=\"description\" content=\"For nearly 30 years, we have been providing solutions in all technological areas of the telecommunications industry.\" \/>\n<meta name=\"robots\" content=\"index, follow, max-snippet:-1, max-image-preview:large, max-video-preview:-1\" \/>\n<link rel=\"canonical\" href=\"https:\/\/orizonmobile.com\/en\/\" \/>\n<meta property=\"og:locale\" content=\"en_US\" \/>\n<meta property=\"og:type\" content=\"article\" \/>\n<meta property=\"og:title\" content=\"Your Unified Communications Specialist - Orizon Mobile\" \/>\n<meta property=\"og:description\" content=\"For nearly 30 years, we have been providing solutions in all technological areas of the telecommunications industry.\" \/>\n<meta property=\"og:url\" content=\"https:\/\/orizonmobile.com\/en\/\" \/>\n<meta property=\"og:site_name\" content=\"Orizon Mobile\" \/>\n<meta property=\"article:publisher\" content=\"https:\/\/www.facebook.com\/orizonmobile\" \/>\n<meta property=\"article:modified_time\" content=\"2023-06-22T14:37:01+00:00\" \/>\n<meta property=\"og:image\" content=\"https:\/\/orizonmobile.com\/wp-content\/uploads\/2021\/06\/T\u00e9l\u00e9communications-unifi\u00e9es-simplifi\u00e9-01.png\" \/>\n\t<meta property=\"og:image:width\" content=\"2376\" \/>\n\t<meta property=\"og:image:height\" content=\"1835\" \/>\n\t<meta property=\"og:image:type\" content=\"image\/png\" \/>\n<meta name=\"twitter:card\" content=\"summary_large_image\" \/>\n<meta name=\"twitter:label1\" content=\"Est. reading time\" \/>\n\t<meta name=\"twitter:data1\" content=\"1 minute\" \/>\n<script type=\"application\/ld+json\" class=\"yoast-schema-graph\">{\"@context\":\"https:\\\/\\\/schema.org\",\"@graph\":[{\"@type\":\"WebPage\",\"@id\":\"https:\\\/\\\/orizonmobile.com\\\/en\\\/\",\"url\":\"https:\\\/\\\/orizonmobile.com\\\/en\\\/\",\"name\":\"Your Unified Communications Specialist - Orizon Mobile\",\"isPartOf\":{\"@id\":\"https:\\\/\\\/orizonmobile.com\\\/en\\\/#website\"},\"primaryImageOfPage\":{\"@id\":\"https:\\\/\\\/orizonmobile.com\\\/en\\\/#primaryimage\"},\"image\":{\"@id\":\"https:\\\/\\\/orizonmobile.com\\\/en\\\/#primaryimage\"},\"thumbnailUrl\":\"https:\\\/\\\/orizonmobile.com\\\/wp-content\\\/uploads\\\/2021\\\/06\\\/T\u00e9l\u00e9communications-unifi\u00e9es-simplifi\u00e9-01.png\",\"datePublished\":\"2019-06-10T06:58:26+00:00\",\"dateModified\":\"2023-06-22T14:37:01+00:00\",\"description\":\"For nearly 30 years, we have been providing solutions in all technological areas of the telecommunications industry.\",\"breadcrumb\":{\"@id\":\"https:\\\/\\\/orizonmobile.com\\\/en\\\/#breadcrumb\"},\"inLanguage\":\"en-US\",\"potentialAction\":[{\"@type\":\"ReadAction\",\"target\":[\"https:\\\/\\\/orizonmobile.com\\\/en\\\/\"]}]},{\"@type\":\"ImageObject\",\"inLanguage\":\"en-US\",\"@id\":\"https:\\\/\\\/orizonmobile.com\\\/en\\\/#primaryimage\",\"url\":\"https:\\\/\\\/orizonmobile.com\\\/wp-content\\\/uploads\\\/2021\\\/06\\\/T\u00e9l\u00e9communications-unifi\u00e9es-simplifi\u00e9-01.png\",\"contentUrl\":\"https:\\\/\\\/orizonmobile.com\\\/wp-content\\\/uploads\\\/2021\\\/06\\\/T\u00e9l\u00e9communications-unifi\u00e9es-simplifi\u00e9-01.png\",\"width\":2376,\"height\":1835},{\"@type\":\"BreadcrumbList\",\"@id\":\"https:\\\/\\\/orizonmobile.com\\\/en\\\/#breadcrumb\",\"itemListElement\":[{\"@type\":\"ListItem\",\"position\":1,\"name\":\"Accueil\",\"item\":\"https:\\\/\\\/orizonmobile.com\\\/en\\\/\"},{\"@type\":\"ListItem\",\"position\":2,\"name\":\"Your Unified Communications Specialist\"}]},{\"@type\":\"WebSite\",\"@id\":\"https:\\\/\\\/orizonmobile.com\\\/en\\\/#website\",\"url\":\"https:\\\/\\\/orizonmobile.com\\\/en\\\/\",\"name\":\"Orizon Mobile\",\"description\":\"Orizon Mobile\",\"publisher\":{\"@id\":\"https:\\\/\\\/orizonmobile.com\\\/en\\\/#organization\"},\"potentialAction\":[{\"@type\":\"SearchAction\",\"target\":{\"@type\":\"EntryPoint\",\"urlTemplate\":\"https:\\\/\\\/orizonmobile.com\\\/en\\\/?s={search_term_string}\"},\"query-input\":{\"@type\":\"PropertyValueSpecification\",\"valueRequired\":true,\"valueName\":\"search_term_string\"}}],\"inLanguage\":\"en-US\"},{\"@type\":\"Organization\",\"@id\":\"https:\\\/\\\/orizonmobile.com\\\/en\\\/#organization\",\"name\":\"Orizon Mobile\",\"url\":\"https:\\\/\\\/orizonmobile.com\\\/en\\\/\",\"logo\":{\"@type\":\"ImageObject\",\"inLanguage\":\"en-US\",\"@id\":\"https:\\\/\\\/orizonmobile.com\\\/en\\\/#\\\/schema\\\/logo\\\/image\\\/\",\"url\":\"https:\\\/\\\/orizonmobile.com\\\/wp-content\\\/uploads\\\/2021\\\/10\\\/OM-Promo-RGB.png\",\"contentUrl\":\"https:\\\/\\\/orizonmobile.com\\\/wp-content\\\/uploads\\\/2021\\\/10\\\/OM-Promo-RGB.png\",\"width\":518,\"height\":278,\"caption\":\"Orizon Mobile\"},\"image\":{\"@id\":\"https:\\\/\\\/orizonmobile.com\\\/en\\\/#\\\/schema\\\/logo\\\/image\\\/\"},\"sameAs\":[\"https:\\\/\\\/www.facebook.com\\\/orizonmobile\",\"https:\\\/\\\/www.instagram.com\\\/orizonmobile\\\/\",\"https:\\\/\\\/www.linkedin.com\\\/company\\\/orizon-mobile\",\"https:\\\/\\\/www.youtube.com\\\/channel\\\/UC33EZJT45G4ViC1gcL6a5lw\"]}]}<\/script>\n<!-- \/ Yoast SEO plugin. -->","yoast_head_json":{"title":"Your Unified Communications Specialist - Orizon Mobile","description":"For nearly 30 years, we have been providing solutions in all technological areas of the telecommunications industry.","robots":{"index":"index","follow":"follow","max-snippet":"max-snippet:-1","max-image-preview":"max-image-preview:large","max-video-preview":"max-video-preview:-1"},"canonical":"https:\/\/orizonmobile.com\/en\/","og_locale":"en_US","og_type":"article","og_title":"Your Unified Communications Specialist - Orizon Mobile","og_description":"For nearly 30 years, we have been providing solutions in all technological areas of the telecommunications industry.","og_url":"https:\/\/orizonmobile.com\/en\/","og_site_name":"Orizon Mobile","article_publisher":"https:\/\/www.facebook.com\/orizonmobile","article_modified_time":"2023-06-22T14:37:01+00:00","og_image":[{"width":2376,"height":1835,"url":"https:\/\/orizonmobile.com\/wp-content\/uploads\/2021\/06\/T\u00e9l\u00e9communications-unifi\u00e9es-simplifi\u00e9-01.png","type":"image\/png"}],"twitter_card":"summary_large_image","twitter_misc":{"Est. reading time":"1 minute"},"schema":{"@context":"https:\/\/schema.org","@graph":[{"@type":"WebPage","@id":"https:\/\/orizonmobile.com\/en\/","url":"https:\/\/orizonmobile.com\/en\/","name":"Your Unified Communications Specialist - Orizon Mobile","isPartOf":{"@id":"https:\/\/orizonmobile.com\/en\/#website"},"primaryImageOfPage":{"@id":"https:\/\/orizonmobile.com\/en\/#primaryimage"},"image":{"@id":"https:\/\/orizonmobile.com\/en\/#primaryimage"},"thumbnailUrl":"https:\/\/orizonmobile.com\/wp-content\/uploads\/2021\/06\/T\u00e9l\u00e9communications-unifi\u00e9es-simplifi\u00e9-01.png","datePublished":"2019-06-10T06:58:26+00:00","dateModified":"2023-06-22T14:37:01+00:00","description":"For nearly 30 years, we have been providing solutions in all technological areas of the telecommunications industry.","breadcrumb":{"@id":"https:\/\/orizonmobile.com\/en\/#breadcrumb"},"inLanguage":"en-US","potentialAction":[{"@type":"ReadAction","target":["https:\/\/orizonmobile.com\/en\/"]}]},{"@type":"ImageObject","inLanguage":"en-US","@id":"https:\/\/orizonmobile.com\/en\/#primaryimage","url":"https:\/\/orizonmobile.com\/wp-content\/uploads\/2021\/06\/T\u00e9l\u00e9communications-unifi\u00e9es-simplifi\u00e9-01.png","contentUrl":"https:\/\/orizonmobile.com\/wp-content\/uploads\/2021\/06\/T\u00e9l\u00e9communications-unifi\u00e9es-simplifi\u00e9-01.png","width":2376,"height":1835},{"@type":"BreadcrumbList","@id":"https:\/\/orizonmobile.com\/en\/#breadcrumb","itemListElement":[{"@type":"ListItem","position":1,"name":"Accueil","item":"https:\/\/orizonmobile.com\/en\/"},{"@type":"ListItem","position":2,"name":"Your Unified Communications Specialist"}]},{"@type":"WebSite","@id":"https:\/\/orizonmobile.com\/en\/#website","url":"https:\/\/orizonmobile.com\/en\/","name":"Orizon Mobile","description":"Orizon Mobile","publisher":{"@id":"https:\/\/orizonmobile.com\/en\/#organization"},"potentialAction":[{"@type":"SearchAction","target":{"@type":"EntryPoint","urlTemplate":"https:\/\/orizonmobile.com\/en\/?s={search_term_string}"},"query-input":{"@type":"PropertyValueSpecification","valueRequired":true,"valueName":"search_term_string"}}],"inLanguage":"en-US"},{"@type":"Organization","@id":"https:\/\/orizonmobile.com\/en\/#organization","name":"Orizon Mobile","url":"https:\/\/orizonmobile.com\/en\/","logo":{"@type":"ImageObject","inLanguage":"en-US","@id":"https:\/\/orizonmobile.com\/en\/#\/schema\/logo\/image\/","url":"https:\/\/orizonmobile.com\/wp-content\/uploads\/2021\/10\/OM-Promo-RGB.png","contentUrl":"https:\/\/orizonmobile.com\/wp-content\/uploads\/2021\/10\/OM-Promo-RGB.png","width":518,"height":278,"caption":"Orizon Mobile"},"image":{"@id":"https:\/\/orizonmobile.com\/en\/#\/schema\/logo\/image\/"},"sameAs":["https:\/\/www.facebook.com\/orizonmobile","https:\/\/www.instagram.com\/orizonmobile\/","https:\/\/www.linkedin.com\/company\/orizon-mobile","https:\/\/www.youtube.com\/channel\/UC33EZJT45G4ViC1gcL6a5lw"]}]}},"_links":{"self":[{"href":"https:\/\/orizonmobile.com\/en\/wp-json\/wp\/v2\/pages\/6718","targetHints":{"allow":["GET"]}}],"collection":[{"href":"https:\/\/orizonmobile.com\/en\/wp-json\/wp\/v2\/pages"}],"about":[{"href":"https:\/\/orizonmobile.com\/en\/wp-json\/wp\/v2\/types\/page"}],"author":[{"embeddable":true,"href":"https:\/\/orizonmobile.com\/en\/wp-json\/wp\/v2\/users\/2"}],"replies":[{"embeddable":true,"href":"https:\/\/orizonmobile.com\/en\/wp-json\/wp\/v2\/comments?post=6718"}],"version-history":[{"count":0,"href":"https:\/\/orizonmobile.com\/en\/wp-json\/wp\/v2\/pages\/6718\/revisions"}],"wp:featuredmedia":[{"embeddable":true,"href":"https:\/\/orizonmobile.com\/en\/wp-json\/wp\/v2\/media\/6506"}],"wp:attachment":[{"href":"https:\/\/orizonmobile.com\/en\/wp-json\/wp\/v2\/media?parent=6718"}],"curies":[{"name":"wp","href":"https:\/\/api.w.org\/{rel}","templated":true}]}}