{"id":6831,"date":"2019-06-26T11:39:49","date_gmt":"2019-06-26T11:39:49","guid":{"rendered":"https:\/\/orizonmobile.com\/a-propos\/"},"modified":"2025-04-06T19:40:50","modified_gmt":"2025-04-06T23:40:50","slug":"a-propos","status":"publish","type":"page","link":"https:\/\/orizonmobile.com\/en\/a-propos\/","title":{"rendered":"About Orizon Mobile"},"content":{"rendered":"\n\n<h2>\n\t\tA little more about our company &#8230;\n\t<\/h2>\n\t<p>Who Are We ?<\/p>\n<p>In full expansion since 1992, Orizon Mobile keeps pace with technology. Offering our expertise to companies from all walks of life, we offer communication solutions tailored to your needs. A leader in telecommunications unification, we have stood out by setting up wide-area networks using proven brands such as JVCKenwood, Hytera, Icom, etc&#8230;<\/p>\n<p>Our partnership with TELUS allows us to further expand our range of products and services. As the possibilities of combining the different technologies at our disposal are almost endless, we are able to offer a wide variety of solutions to meet all your needs.<\/p>\n\t\t\t\t<img loading=\"lazy\" decoding=\"async\" src=\"https:\/\/orizonmobile.com\/wp-content\/uploads\/2021\/01\/T\u00e9l\u00e9communications-unifi\u00e9es.jpg\" alt=\"T\u00e9l\u00e9communications unifi\u00e9es\" itemprop=\"image\" height=\"500\" width=\"750\" title=\"T\u00e9l\u00e9communications unifi\u00e9es\" onerror=\"this.style.display='none'\"  \/>\n\t\t\t\t<img loading=\"lazy\" decoding=\"async\" src=\"https:\/\/orizonmobile.com\/wp-content\/uploads\/2019\/07\/Screenshot_1-1.png\" alt=\"Screenshot_1\" itemprop=\"image\" height=\"492\" width=\"490\" title=\"Screenshot_1\" onerror=\"this.style.display='none'\"  \/>\n\t<p>Orizon Mobile offers its services throughout the province of Quebec and beyond thanks to its 23 branches, its 180 employees (including nearly 60 expert technicians), its engineering department as well as its team of representatives and advisers. We listen to your needs, and we will make sure to find the optimal solution to maximize the potential of your business.<\/p>\n<p>Whether you are looking for mobile or fixed solutions, want to increase your information management capacity or want to improve the speed of your operations: we have the solution for you!<\/p>\n<h2>\n\t\tOur Mission\n\t<\/h2>\n\t<blockquote>\n<h4><strong>&#8220;Participate in the success of your business by optimizing your means of communication and offering you excellent products at the cutting edge of technology. &#8220;<\/strong><\/h4>\n<\/blockquote>\n<p>&nbsp;<\/p>\n<p>Over the years, we have acquired unparalleled experience in many telecommunications technologies. We are constantly evolving in order to offer the best technological choices of the day.<\/p>\n<p>&nbsp;<\/p>\n<p>&nbsp;<\/p>\n<h2>\n\t\tOur Clients\n\t<\/h2>\n\t<blockquote>\n<h4>&#8220;We offer our services to all types of clients, whether they are individuals, public or private companies or even public or government organizations. &#8220;<\/h4>\n<p>&nbsp;<\/p><\/blockquote>\n<p>Our clients come from diverse sectors such as construction, transportation, manufacturing, agriculture and forestry, mining industry and industrial, commercial, among others.<\/p>\n<p>&nbsp;<\/p>\n<p>&nbsp;<\/p>\n<p>&nbsp;<\/p>\n<h2>\n\t\tOur Vision\n\t<\/h2>\n\t<blockquote>\n<h4>&#8220;To be the number 1 integrator of unified telecommunications in Quebec! &#8220;<\/h4>\n<\/blockquote>\n<p>&nbsp;<\/p>\n<p>&nbsp;<\/p>\n<p>Our desire is to provide each company with the devices and technologies necessary to ensure high-level communications in their establishments. We want to establish a bond of trust and advise them in their technological choices. For us, building lasting relationships with our customers is not only important, it&#8217;s essential!<\/p>\n<h2>\n\t\tOur Management\n\t<\/h2>\n\t\t\t\t<img loading=\"lazy\" decoding=\"async\" src=\"https:\/\/orizonmobile.com\/wp-content\/uploads\/bb-plugin\/cache\/Daniel-Gagnon_Revised-circle.jpg\" alt=\"Daniel-Gagnon_Revised\" itemprop=\"image\" height=\"262\" width=\"262\" title=\"Daniel-Gagnon_Revised\" onerror=\"this.style.display='none'\"  \/>\n<h3>Daniel Gagnon<\/h3>\t\t\n\t\t\t<p>President<\/p>\n\t\t\t\t<img loading=\"lazy\" decoding=\"async\" src=\"https:\/\/orizonmobile.com\/wp-content\/uploads\/bb-plugin\/cache\/ericgauthier-circle.jpg\" alt=\"ericgauthier\" itemprop=\"image\" height=\"262\" width=\"262\" title=\"ericgauthier\" onerror=\"this.style.display='none'\"  \/>\n<h3>E\u0301ric Gauthier<\/h3>\t\t\n\t\t\t<p>Vice President<\/p>\n\t\t\t\t<img loading=\"lazy\" decoding=\"async\" src=\"https:\/\/orizonmobile.com\/wp-content\/uploads\/bb-plugin\/cache\/alainfortin-circle.jpg\" alt=\"alainfortin\" itemprop=\"image\" height=\"262\" width=\"262\" title=\"alainfortin\" onerror=\"this.style.display='none'\"  \/>\n<h3>Alain Fortin<\/h3>\t\t\n\t\t\t<p>Financial Director<\/p>\n\t\t\t\t<img loading=\"lazy\" decoding=\"async\" src=\"https:\/\/orizonmobile.com\/wp-content\/uploads\/bb-plugin\/cache\/Vincentjobidon-circle.jpg\" alt=\"Vincentjobidon\" itemprop=\"image\" height=\"262\" width=\"262\" title=\"Vincentjobidon\" onerror=\"this.style.display='none'\"  \/>\n<h3>Vincent Jobidon<\/h3>\t\t\n\t\t\t<p>Business and Corporate Sales Director<\/p>\n<p>Mobility<\/p>\n\t\t\t\t<img loading=\"lazy\" decoding=\"async\" src=\"https:\/\/orizonmobile.com\/wp-content\/uploads\/bb-plugin\/cache\/CherylGuimond-circle.jpg\" alt=\"CherylGuimond\" itemprop=\"image\" height=\"262\" width=\"262\" title=\"CherylGuimond\" onerror=\"this.style.display='none'\"  \/>\n<h3>Cheryl Guimond<\/h3>\t\t\n\t\t\t<p>Director of consumer sales and stores<\/p>\n<p>Mobility<\/p>\n\t\t\t\t<img loading=\"lazy\" decoding=\"async\" src=\"https:\/\/orizonmobile.com\/wp-content\/uploads\/bb-plugin\/cache\/Nicolas-e1619536752461-circle.jpg\" alt=\"Nicolas\" itemprop=\"image\" height=\"1085\" width=\"1149\" title=\"Nicolas\" onerror=\"this.style.display='none'\"  \/>\n<h3>Nicolas Fillion-Roy<\/h3>\t\t\n\t\t\t<p>Marketing Director<\/p>\n\t\t\t\t<img loading=\"lazy\" decoding=\"async\" src=\"https:\/\/orizonmobile.com\/wp-content\/uploads\/bb-plugin\/cache\/Ken.Whittom-circle.jpg\" alt=\"Ken.Whittom\" itemprop=\"image\" height=\"1201\" width=\"1199\" title=\"Ken.Whittom\" onerror=\"this.style.display='none'\"  \/>\n<h3>Ken Whittom<\/h3>\t\t\n\t\t\t<p>Director of Business and Sales Solutions<\/p>\n<p>Quebec and Beauce<\/p>\n\t\t\t\t<img loading=\"lazy\" decoding=\"async\" src=\"https:\/\/orizonmobile.com\/wp-content\/uploads\/bb-plugin\/cache\/P.Audet_-circle.png\" alt=\"P.Audet_\" itemprop=\"image\" height=\"640\" width=\"640\" title=\"P.Audet_\" onerror=\"this.style.display='none'\"  \/>\n<h3>Pierre Audet<\/h3>\t\t\n\t\t\t<p>Director of Business and Sales Solutions<\/p>\n<p>Saguenay Lac-St-Jean and C\u00f4te-Nord<\/p>\n\t\t\t\t<img loading=\"lazy\" decoding=\"async\" src=\"https:\/\/orizonmobile.com\/wp-content\/uploads\/bb-plugin\/cache\/PierreLucVezina-circle.jpg\" alt=\"PierreLucVezina\" itemprop=\"image\" height=\"262\" width=\"262\" title=\"PierreLucVezina\" onerror=\"this.style.display='none'\"  \/>\n<h3>Pierre-Luc V\u00e9zina<\/h3>\t\t\n\t\t\t<p>Director of Sales and Business Solutions and Director of Information and Communications Technologies (ICT)<\/p>\n<p>Abitibi-T\u00e9miscamingue<\/p>\n\t\t\t\t<img loading=\"lazy\" decoding=\"async\" src=\"https:\/\/orizonmobile.com\/wp-content\/uploads\/bb-plugin\/cache\/MartinGauthier-circle.jpg\" alt=\"MartinGauthier\" itemprop=\"image\" height=\"262\" width=\"262\" title=\"MartinGauthier\" onerror=\"this.style.display='none'\"  \/>\n<h3>Martin Gauthier<\/h3>\t\t\n\t\t\t<p>Provincial Director of Operations<\/p>\n\t\t\t\t<img loading=\"lazy\" decoding=\"async\" src=\"https:\/\/orizonmobile.com\/wp-content\/uploads\/bb-plugin\/cache\/Luc-Larouche_Revised-circle.jpg\" alt=\"Luc-Larouche_Revised\" itemprop=\"image\" height=\"262\" width=\"262\" title=\"Luc-Larouche_Revised\" onerror=\"this.style.display='none'\"  \/>\n<h3>Luc Larouche<\/h3>\t\t\n\t\t\t<p>Director of Operations<\/p>\n<p>Saguenay Lac-St-Jean and C\u00f4te-Nord<\/p>\n\t\t\t\t<img loading=\"lazy\" decoding=\"async\" src=\"https:\/\/orizonmobile.com\/wp-content\/uploads\/bb-plugin\/cache\/erick-jubionville-circle.jpg\" alt=\"erick jubionville\" itemprop=\"image\" height=\"741\" width=\"740\" title=\"erick jubionville\" onerror=\"this.style.display='none'\"  \/>\n<h3>Erick Jubinville<\/h3>\t\t\n\t\t\t<p>Director of Operations<\/p>\n<p>Abitibi<\/p>\n\t\t\t\t<img loading=\"lazy\" decoding=\"async\" src=\"https:\/\/orizonmobile.com\/wp-content\/uploads\/bb-plugin\/cache\/jean-pierre-boucher-circle.jpg\" alt=\"jean-pierre boucher\" itemprop=\"image\" height=\"1398\" width=\"1398\" title=\"jean-pierre boucher\" onerror=\"this.style.display='none'\"  \/>\n<h3>Jean-Pierre Boucher<\/h3>\t\t\n\t\t\t<p>Director of Operations<\/p>\n<p>Montreal<\/p>\n\t\t\t\t<img loading=\"lazy\" decoding=\"async\" src=\"https:\/\/orizonmobile.com\/wp-content\/uploads\/bb-plugin\/cache\/Christian-1-scaled-circle.jpg\" alt=\"Christian\" itemprop=\"image\" height=\"2560\" width=\"2155\" title=\"Christian\" onerror=\"this.style.display='none'\"  \/>\n<h3>Christian Perottet<\/h3>\t\t\n\t\t\t<p>Director of Operations<\/p>\n<p>Quebec<\/p>\n\t\t\t\t<img loading=\"lazy\" decoding=\"async\" src=\"https:\/\/orizonmobile.com\/wp-content\/uploads\/bb-plugin\/cache\/\u00c9ric-Bissonnette-circle.jpg\" alt=\"\u00c9ric Bissonnette\" itemprop=\"image\" height=\"1423\" width=\"1423\" title=\"\u00c9ric Bissonnette\" onerror=\"this.style.display='none'\"  \/>\n<h3>\u00c9ric Bissonnette<\/h3>\t\t\n\t\t\t<p>Director of Corporate Accounts and EEP TELUS<\/p>\n\t\t\t\t<img loading=\"lazy\" decoding=\"async\" src=\"https:\/\/orizonmobile.com\/wp-content\/uploads\/bb-plugin\/cache\/Julie-Arguin-circle.jpg\" alt=\"Julie Arguin\" itemprop=\"image\" height=\"2560\" width=\"2560\" title=\"Julie Arguin\" onerror=\"this.style.display='none'\"  \/>\n<h3>Julie Arguin<\/h3>\t\t\n\t\t\tDirector of Human Resources\/Executive Assistant<br \/>\n\n\n","protected":false},"excerpt":{"rendered":"<p>A little more about our company &#8230; Who Are We ? In full expansion since 1992, Orizon Mobile keeps pace with technology. Offering our expertise to companies from all walks of life, we offer communication solutions tailored to your needs. A leader in telecommunications unification, we have stood out by setting up wide-area networks using&hellip;<\/p>\n","protected":false},"author":2,"featured_media":0,"parent":0,"menu_order":80,"comment_status":"closed","ping_status":"closed","template":"","meta":{"footnotes":""},"class_list":["post-6831","page","type-page","status-publish","hentry"],"yoast_head":"<!-- This site is optimized with the Yoast SEO plugin v27.4 - https:\/\/yoast.com\/product\/yoast-seo-wordpress\/ -->\n<title>About Orizon Mobile - Orizon Mobile<\/title>\n<meta name=\"description\" content=\"Since 1992, Orizon Mobile has kept pace with technological advances, offering the very best of its expertise in unified communications solutions.\" \/>\n<meta name=\"robots\" content=\"index, follow, max-snippet:-1, max-image-preview:large, max-video-preview:-1\" \/>\n<link rel=\"canonical\" href=\"https:\/\/orizonmobile.com\/en\/a-propos\/\" \/>\n<meta property=\"og:locale\" content=\"en_US\" \/>\n<meta property=\"og:type\" content=\"article\" \/>\n<meta property=\"og:title\" content=\"About Orizon Mobile - Orizon Mobile\" \/>\n<meta property=\"og:description\" content=\"Since 1992, Orizon Mobile has kept pace with technological advances, offering the very best of its expertise in unified communications solutions.\" \/>\n<meta property=\"og:url\" content=\"https:\/\/orizonmobile.com\/en\/a-propos\/\" \/>\n<meta property=\"og:site_name\" content=\"Orizon Mobile\" \/>\n<meta property=\"article:publisher\" content=\"https:\/\/www.facebook.com\/orizonmobile\" \/>\n<meta property=\"article:modified_time\" content=\"2025-04-06T23:40:50+00:00\" \/>\n<meta property=\"og:image\" content=\"https:\/\/orizonmobile.com\/wp-content\/uploads\/2019\/07\/Screenshot_1-1.png\" \/>\n<meta name=\"twitter:card\" content=\"summary_large_image\" \/>\n<meta name=\"twitter:label1\" content=\"Est. reading time\" \/>\n\t<meta name=\"twitter:data1\" content=\"2 minutes\" \/>\n<script type=\"application\/ld+json\" class=\"yoast-schema-graph\">{\"@context\":\"https:\\\/\\\/schema.org\",\"@graph\":[{\"@type\":\"WebPage\",\"@id\":\"https:\\\/\\\/orizonmobile.com\\\/en\\\/a-propos\\\/\",\"url\":\"https:\\\/\\\/orizonmobile.com\\\/en\\\/a-propos\\\/\",\"name\":\"About Orizon Mobile - Orizon Mobile\",\"isPartOf\":{\"@id\":\"https:\\\/\\\/orizonmobile.com\\\/en\\\/#website\"},\"primaryImageOfPage\":{\"@id\":\"https:\\\/\\\/orizonmobile.com\\\/en\\\/a-propos\\\/#primaryimage\"},\"image\":{\"@id\":\"https:\\\/\\\/orizonmobile.com\\\/en\\\/a-propos\\\/#primaryimage\"},\"thumbnailUrl\":\"https:\\\/\\\/orizonmobile.com\\\/wp-content\\\/uploads\\\/2019\\\/07\\\/Screenshot_1-1.png\",\"datePublished\":\"2019-06-26T11:39:49+00:00\",\"dateModified\":\"2025-04-06T23:40:50+00:00\",\"description\":\"Since 1992, Orizon Mobile has kept pace with technological advances, offering the very best of its expertise in unified communications solutions.\",\"breadcrumb\":{\"@id\":\"https:\\\/\\\/orizonmobile.com\\\/en\\\/a-propos\\\/#breadcrumb\"},\"inLanguage\":\"en-US\",\"potentialAction\":[{\"@type\":\"ReadAction\",\"target\":[\"https:\\\/\\\/orizonmobile.com\\\/en\\\/a-propos\\\/\"]}]},{\"@type\":\"ImageObject\",\"inLanguage\":\"en-US\",\"@id\":\"https:\\\/\\\/orizonmobile.com\\\/en\\\/a-propos\\\/#primaryimage\",\"url\":\"https:\\\/\\\/orizonmobile.com\\\/wp-content\\\/uploads\\\/2019\\\/07\\\/Screenshot_1-1.png\",\"contentUrl\":\"https:\\\/\\\/orizonmobile.com\\\/wp-content\\\/uploads\\\/2019\\\/07\\\/Screenshot_1-1.png\"},{\"@type\":\"BreadcrumbList\",\"@id\":\"https:\\\/\\\/orizonmobile.com\\\/en\\\/a-propos\\\/#breadcrumb\",\"itemListElement\":[{\"@type\":\"ListItem\",\"position\":1,\"name\":\"Accueil\",\"item\":\"https:\\\/\\\/orizonmobile.com\\\/en\\\/\"},{\"@type\":\"ListItem\",\"position\":2,\"name\":\"About Orizon Mobile\"}]},{\"@type\":\"WebSite\",\"@id\":\"https:\\\/\\\/orizonmobile.com\\\/en\\\/#website\",\"url\":\"https:\\\/\\\/orizonmobile.com\\\/en\\\/\",\"name\":\"Orizon Mobile\",\"description\":\"Orizon Mobile\",\"publisher\":{\"@id\":\"https:\\\/\\\/orizonmobile.com\\\/en\\\/#organization\"},\"potentialAction\":[{\"@type\":\"SearchAction\",\"target\":{\"@type\":\"EntryPoint\",\"urlTemplate\":\"https:\\\/\\\/orizonmobile.com\\\/en\\\/?s={search_term_string}\"},\"query-input\":{\"@type\":\"PropertyValueSpecification\",\"valueRequired\":true,\"valueName\":\"search_term_string\"}}],\"inLanguage\":\"en-US\"},{\"@type\":\"Organization\",\"@id\":\"https:\\\/\\\/orizonmobile.com\\\/en\\\/#organization\",\"name\":\"Orizon Mobile\",\"url\":\"https:\\\/\\\/orizonmobile.com\\\/en\\\/\",\"logo\":{\"@type\":\"ImageObject\",\"inLanguage\":\"en-US\",\"@id\":\"https:\\\/\\\/orizonmobile.com\\\/en\\\/#\\\/schema\\\/logo\\\/image\\\/\",\"url\":\"https:\\\/\\\/orizonmobile.com\\\/wp-content\\\/uploads\\\/2021\\\/10\\\/OM-Promo-RGB.png\",\"contentUrl\":\"https:\\\/\\\/orizonmobile.com\\\/wp-content\\\/uploads\\\/2021\\\/10\\\/OM-Promo-RGB.png\",\"width\":518,\"height\":278,\"caption\":\"Orizon Mobile\"},\"image\":{\"@id\":\"https:\\\/\\\/orizonmobile.com\\\/en\\\/#\\\/schema\\\/logo\\\/image\\\/\"},\"sameAs\":[\"https:\\\/\\\/www.facebook.com\\\/orizonmobile\",\"https:\\\/\\\/www.instagram.com\\\/orizonmobile\\\/\",\"https:\\\/\\\/www.linkedin.com\\\/company\\\/orizon-mobile\",\"https:\\\/\\\/www.youtube.com\\\/channel\\\/UC33EZJT45G4ViC1gcL6a5lw\"]}]}<\/script>\n<!-- \/ Yoast SEO plugin. -->","yoast_head_json":{"title":"About Orizon Mobile - Orizon Mobile","description":"Since 1992, Orizon Mobile has kept pace with technological advances, offering the very best of its expertise in unified communications solutions.","robots":{"index":"index","follow":"follow","max-snippet":"max-snippet:-1","max-image-preview":"max-image-preview:large","max-video-preview":"max-video-preview:-1"},"canonical":"https:\/\/orizonmobile.com\/en\/a-propos\/","og_locale":"en_US","og_type":"article","og_title":"About Orizon Mobile - Orizon Mobile","og_description":"Since 1992, Orizon Mobile has kept pace with technological advances, offering the very best of its expertise in unified communications solutions.","og_url":"https:\/\/orizonmobile.com\/en\/a-propos\/","og_site_name":"Orizon Mobile","article_publisher":"https:\/\/www.facebook.com\/orizonmobile","article_modified_time":"2025-04-06T23:40:50+00:00","og_image":[{"url":"https:\/\/orizonmobile.com\/wp-content\/uploads\/2019\/07\/Screenshot_1-1.png","type":"","width":"","height":""}],"twitter_card":"summary_large_image","twitter_misc":{"Est. reading time":"2 minutes"},"schema":{"@context":"https:\/\/schema.org","@graph":[{"@type":"WebPage","@id":"https:\/\/orizonmobile.com\/en\/a-propos\/","url":"https:\/\/orizonmobile.com\/en\/a-propos\/","name":"About Orizon Mobile - Orizon Mobile","isPartOf":{"@id":"https:\/\/orizonmobile.com\/en\/#website"},"primaryImageOfPage":{"@id":"https:\/\/orizonmobile.com\/en\/a-propos\/#primaryimage"},"image":{"@id":"https:\/\/orizonmobile.com\/en\/a-propos\/#primaryimage"},"thumbnailUrl":"https:\/\/orizonmobile.com\/wp-content\/uploads\/2019\/07\/Screenshot_1-1.png","datePublished":"2019-06-26T11:39:49+00:00","dateModified":"2025-04-06T23:40:50+00:00","description":"Since 1992, Orizon Mobile has kept pace with technological advances, offering the very best of its expertise in unified communications solutions.","breadcrumb":{"@id":"https:\/\/orizonmobile.com\/en\/a-propos\/#breadcrumb"},"inLanguage":"en-US","potentialAction":[{"@type":"ReadAction","target":["https:\/\/orizonmobile.com\/en\/a-propos\/"]}]},{"@type":"ImageObject","inLanguage":"en-US","@id":"https:\/\/orizonmobile.com\/en\/a-propos\/#primaryimage","url":"https:\/\/orizonmobile.com\/wp-content\/uploads\/2019\/07\/Screenshot_1-1.png","contentUrl":"https:\/\/orizonmobile.com\/wp-content\/uploads\/2019\/07\/Screenshot_1-1.png"},{"@type":"BreadcrumbList","@id":"https:\/\/orizonmobile.com\/en\/a-propos\/#breadcrumb","itemListElement":[{"@type":"ListItem","position":1,"name":"Accueil","item":"https:\/\/orizonmobile.com\/en\/"},{"@type":"ListItem","position":2,"name":"About Orizon Mobile"}]},{"@type":"WebSite","@id":"https:\/\/orizonmobile.com\/en\/#website","url":"https:\/\/orizonmobile.com\/en\/","name":"Orizon Mobile","description":"Orizon Mobile","publisher":{"@id":"https:\/\/orizonmobile.com\/en\/#organization"},"potentialAction":[{"@type":"SearchAction","target":{"@type":"EntryPoint","urlTemplate":"https:\/\/orizonmobile.com\/en\/?s={search_term_string}"},"query-input":{"@type":"PropertyValueSpecification","valueRequired":true,"valueName":"search_term_string"}}],"inLanguage":"en-US"},{"@type":"Organization","@id":"https:\/\/orizonmobile.com\/en\/#organization","name":"Orizon Mobile","url":"https:\/\/orizonmobile.com\/en\/","logo":{"@type":"ImageObject","inLanguage":"en-US","@id":"https:\/\/orizonmobile.com\/en\/#\/schema\/logo\/image\/","url":"https:\/\/orizonmobile.com\/wp-content\/uploads\/2021\/10\/OM-Promo-RGB.png","contentUrl":"https:\/\/orizonmobile.com\/wp-content\/uploads\/2021\/10\/OM-Promo-RGB.png","width":518,"height":278,"caption":"Orizon Mobile"},"image":{"@id":"https:\/\/orizonmobile.com\/en\/#\/schema\/logo\/image\/"},"sameAs":["https:\/\/www.facebook.com\/orizonmobile","https:\/\/www.instagram.com\/orizonmobile\/","https:\/\/www.linkedin.com\/company\/orizon-mobile","https:\/\/www.youtube.com\/channel\/UC33EZJT45G4ViC1gcL6a5lw"]}]}},"_links":{"self":[{"href":"https:\/\/orizonmobile.com\/en\/wp-json\/wp\/v2\/pages\/6831","targetHints":{"allow":["GET"]}}],"collection":[{"href":"https:\/\/orizonmobile.com\/en\/wp-json\/wp\/v2\/pages"}],"about":[{"href":"https:\/\/orizonmobile.com\/en\/wp-json\/wp\/v2\/types\/page"}],"author":[{"embeddable":true,"href":"https:\/\/orizonmobile.com\/en\/wp-json\/wp\/v2\/users\/2"}],"replies":[{"embeddable":true,"href":"https:\/\/orizonmobile.com\/en\/wp-json\/wp\/v2\/comments?post=6831"}],"version-history":[{"count":0,"href":"https:\/\/orizonmobile.com\/en\/wp-json\/wp\/v2\/pages\/6831\/revisions"}],"wp:attachment":[{"href":"https:\/\/orizonmobile.com\/en\/wp-json\/wp\/v2\/media?parent=6831"}],"curies":[{"name":"wp","href":"https:\/\/api.w.org\/{rel}","templated":true}]}}