{"id":8591,"date":"2022-02-16T15:31:09","date_gmt":"2022-02-16T20:31:09","guid":{"rendered":"https:\/\/orizonmobile.com\/hytera-serie-h\/"},"modified":"2022-02-17T10:18:39","modified_gmt":"2022-02-17T15:18:39","slug":"hytera-serie-h","status":"publish","type":"page","link":"https:\/\/orizonmobile.com\/en\/hytera-serie-h\/","title":{"rendered":"Hytera &#8211; S\u00e9rie H"},"content":{"rendered":"\n\n\t\t\t\t<img loading=\"lazy\" decoding=\"async\" src=\"https:\/\/orizonmobile.com\/wp-content\/uploads\/2021\/12\/Thumbnail-News-Hytera-Logo.png\" alt=\"Thumbnail-News-Hytera-Logo\" itemprop=\"image\" height=\"264\" width=\"425\" title=\"Thumbnail-News-Hytera-Logo\" onerror=\"this.style.display='none'\"  \/>\n<h2>\n\t\tHYTERA H SERIES\n\t<\/h2>\n\n\t\t\t\t<img decoding=\"async\" src=\"https:\/\/orizonmobile.com\/wp-content\/uploads\/2022\/02\/Hytera-series-H.jpg\" alt=\"Hytera series H\" itemprop=\"image\" title=\"Hytera series H\" onerror=\"this.style.display='none'\"  \/>\n\t\t\t\t<img loading=\"lazy\" decoding=\"async\" src=\"https:\/\/orizonmobile.com\/wp-content\/uploads\/2021\/12\/Applications-01.png\" alt=\"Applications-01\" itemprop=\"image\" height=\"170\" width=\"377\" title=\"Applications-01\" onerror=\"this.style.display='none'\"  \/>\n\t\t\t\t<img loading=\"lazy\" decoding=\"async\" src=\"https:\/\/orizonmobile.com\/wp-content\/uploads\/2021\/11\/DMR-logo-300x77.jpg\" alt=\"DMR-logo\" itemprop=\"image\" height=\"77\" width=\"300\" title=\"DMR-logo\" onerror=\"this.style.display='none'\"  \/>\n<p>Hytera understands the communication challenges of industry users in Public Safety, Energy, Transportation, Utilities, Commercial and other industry verticals. This has driven them to continue to innovate the next generation of digital radios &#8211; The H Series. The newly engineered and designed hardware platform and software architecture further improves the performance and user-interactive experience, which provides a more professional, more advanced product solution.<\/p>\n<p>&nbsp;<\/p>\n\t\t\t<a href=\"#\" role=\"button\">\n\t\t\t\t\t\t\tCONTACT US FOR MOR DETAILS\n\t\t\t\t\t<\/a>\n\t\t<iframe frameborder=\"0\" src='https:\/\/forms.zohopublic.com\/orizonmobile401\/form\/PageHyteraHSeries\/formperma\/_vlc4bmN8NIBZJYFRiHHc44q5Nmh32N4b45IltMX-6Y'><\/iframe>\t\n<h2>\n\t\tHP6 SERIES\n\t<\/h2>\n\t\t\t\t<img loading=\"lazy\" decoding=\"async\" src=\"https:\/\/orizonmobile.com\/wp-content\/uploads\/2019\/09\/Hytera-HP602-pour-page-web.png\" alt=\"Hytera HP602 pour page web\" itemprop=\"image\" height=\"5304\" width=\"3531\" title=\"Hytera HP602 pour page web\" onerror=\"this.style.display='none'\"  \/>\n\t<p>The HP6 series has two models, the <strong>HP682<\/strong> and <strong>HP602<\/strong>, and is specially designed for business-critical users. Small and light in style, the HP6 series delivers on impressive features and functions such as market-leading audio performance, extended coverage, a Lithium Polymer battery, and durability against extreme environments. It also comes with an AI-based voice enhancement technology that decreases unwanted background noise, enabling users to focus on the task or mission with increased communication effectiveness.<\/p>\n\t<ul>\n<li>Battery life of over 20 hours<\/li>\n<li>Clear audio in weak signal areas<\/li>\n<li>IP67 rated<\/li>\n<li>MIL-STD-810 G standard<\/li>\n<li>Tactile PTT<\/li>\n<li>Two programmable buttons<\/li>\n<\/ul>\n\t\t\t<a href=\"https:\/\/www.hytera.ca\/images\/Hytera_HP6_DS-A.pdf\" target=\"_blank\" role=\"button\" rel=\"noopener\">\n\t\t\t\t\t\t\tDATA SHEET &#8211; HP6 SERIES\n\t\t\t\t\t<\/a>\n\t\t\t<a href=\"#\" role=\"button\">\n\t\t\t\t\t\t\tGET A QUOTE FOR THIS PRODUCT\n\t\t\t\t\t<\/a>\n\t\t<iframe frameborder=\"0\" src='https:\/\/forms.zohopublic.com\/orizonmobile401\/form\/PageHyteraHSeries\/formperma\/_vlc4bmN8NIBZJYFRiHHc44q5Nmh32N4b45IltMX-6Y'><\/iframe>\t\n<h2>\n\t\tHP7 SERIES\n\t<\/h2>\n\t\t\t\t<img loading=\"lazy\" decoding=\"async\" src=\"https:\/\/orizonmobile.com\/wp-content\/uploads\/2022\/02\/Hytera-HP782.png\" alt=\"Hytera-HP782\" itemprop=\"image\" height=\"2652\" width=\"1766\" title=\"Hytera-HP782\" onerror=\"this.style.display='none'\"  \/>\n\t<p>The HP7 Series comprises of the <strong>HP782<\/strong> and the <strong>HP702<\/strong> radios. These present the future of style and functionality and advances standards in digital radios by providing even more efficient and more reliable communication with loud and clear audio, powerful battery, remarkable portability and ruggedness for ease of use across multiple environments and industries.<\/p>\n\t<ul>\n<li>Man-down and lone worker features<\/li>\n<li>Tactile PTT, two programmable buttons<\/li>\n<li>IP68 rated<\/li>\n<li>MIL-STD-810 G standard<\/li>\n<li>AI-based noise cancellation<\/li>\n<li>24-hour long battery life<\/li>\n<\/ul>\n\t\t\t<a href=\"https:\/\/www.hytera.ca\/images\/Hytera_HP7_DS-A.pdf\" target=\"_blank\" role=\"button\" rel=\"noopener\">\n\t\t\t\t\t\t\tDATA SHEET &#8211; HP7 SERIES\n\t\t\t\t\t<\/a>\n\t\t\t<a href=\"#\" role=\"button\">\n\t\t\t\t\t\t\tGET A QUOTE FOR THIS PRODUCT\n\t\t\t\t\t<\/a>\n\t\t<iframe frameborder=\"0\" src='https:\/\/forms.zohopublic.com\/orizonmobile401\/form\/PageHyteraHSeries\/formperma\/_vlc4bmN8NIBZJYFRiHHc44q5Nmh32N4b45IltMX-6Y'><\/iframe>\t\n<h2>\n\t\tHM782 DIGITAL MOBILE RADIO\n\t<\/h2>\n\t\t\t\t<img loading=\"lazy\" decoding=\"async\" src=\"https:\/\/orizonmobile.com\/wp-content\/uploads\/2022\/02\/Hytera-HM782.png\" alt=\"Hytera-HM782\" itemprop=\"image\" height=\"3540\" width=\"3531\" title=\"Hytera-HM782\" onerror=\"this.style.display='none'\"  \/>\n\t<p>Based on rich industry experience, customer feedback and technological evolution, Hytera has launched the next generation of digital repeater. The <strong>HR1062<\/strong> compact digital repeater is half the size of its predecessor and comes with an integrated power adapter. The enhanced version comes with an integrated telephone gateway and router inside this versatile repeater to provide an all-in-one solution.<\/p>\n\t<ul>\n<li>Internal AC power supply with DC battery back-up<\/li>\n<li>Ethernet port provides access to IP networks<\/li>\n<li>Improved receiver sensitivity<\/li>\n<li>64 channel capacity<\/li>\n<\/ul>\n\t\t\t<a href=\"https:\/\/www.hytera.ca\/images\/Hytera_HM782_DS-A.pdf\" target=\"_blank\" role=\"button\" rel=\"noopener\">\n\t\t\t\t\t\t\tDATA SHEET\n\t\t\t\t\t<\/a>\n\t\t\t<a href=\"#\" role=\"button\">\n\t\t\t\t\t\t\tGET A QUOTE FOR THIS PRODUCT\n\t\t\t\t\t<\/a>\n\t\t<iframe frameborder=\"0\" src='https:\/\/forms.zohopublic.com\/orizonmobile401\/form\/PageHyteraHSeries\/formperma\/_vlc4bmN8NIBZJYFRiHHc44q5Nmh32N4b45IltMX-6Y'><\/iframe>\t\n\t\t\t\t<img loading=\"lazy\" decoding=\"async\" src=\"https:\/\/orizonmobile.com\/wp-content\/uploads\/2022\/02\/Hytera-HR1062.png\" alt=\"Hytera-HR1062\" itemprop=\"image\" height=\"3540\" width=\"3531\" title=\"Hytera-HR1062\" onerror=\"this.style.display='none'\"  \/>\n<h2>\n\t\tHR1062 DIGITAL REPEATER\n\t<\/h2>\n\t<p>Based on rich industry experience, customer feedback and technological evolution, Hytera has launched the next generation of digital repeater. The HR1062 compact digital repeater is half the size of its predecessor and comes with an integrated power adapter. The enhanced version comes with an integrated telephone gateway and router inside this versatile repeater to provide an all-in-one solution.<\/p>\n\t<ul>\n<li>Internal AC power supply with DC battery back-up<\/li>\n<li>Ethernet port provides access to IP networks<\/li>\n<li>Improved receiver sensitivity<\/li>\n<li>64 channel capacity<\/li>\n<\/ul>\n\t\t\t<a href=\"https:\/\/www.hytera.ca\/images\/Hytera_HR1062_DS-A.pdf\" target=\"_blank\" role=\"button\" rel=\"noopener\">\n\t\t\t\t\t\t\tDATA SHEET\n\t\t\t\t\t<\/a>\n\t\t\t<a href=\"#\" role=\"button\">\n\t\t\t\t\t\t\tGET A QUOTE FOR THIS PRODUCT\n\t\t\t\t\t<\/a>\n\t\t<iframe frameborder=\"0\" src='https:\/\/forms.zohopublic.com\/orizonmobile401\/form\/PageHyteraHSeries\/formperma\/_vlc4bmN8NIBZJYFRiHHc44q5Nmh32N4b45IltMX-6Y'><\/iframe>\t\n\t<p>Orizon Mobile is THE specialist in Hytera products in Canada! You want to know more about hytera products? We have a complete range of radio communication tools that will satisfy your needs.<\/p>\n\t\t\t<a href=\"https:\/\/orizonmobile.com\/brands\/en\/hytera\/\" target=\"_self\" role=\"button\" rel=\"noopener\">\n\t\t\t\t\t\t\tVISIT OUR HYTERA PRODUCT PAGE\n\t\t\t\t\t<\/a>\n\n","protected":false},"excerpt":{"rendered":"<p>HYTERA H SERIES Hytera understands the communication challenges of industry users in Public Safety, Energy, Transportation, Utilities, Commercial and other industry verticals. This has driven them to continue to innovate the next generation of digital radios &#8211; The H Series. The newly engineered and designed hardware platform and software architecture further improves the performance and&hellip;<\/p>\n","protected":false},"author":4,"featured_media":0,"parent":0,"menu_order":37,"comment_status":"closed","ping_status":"closed","template":"","meta":{"footnotes":""},"class_list":["post-8591","page","type-page","status-publish","hentry"],"yoast_head":"<!-- This site is optimized with the Yoast SEO plugin v27.5 - https:\/\/yoast.com\/product\/yoast-seo-wordpress\/ -->\n<title>Hytera - S\u00e9rie H - Orizon Mobile<\/title>\n<meta name=\"description\" content=\"Les radios portables Hytera H sont des radios DMR \u00e0 norme ouverte et riches en fonctionnalit\u00e9s pour la communication vocale et de donn\u00e9es.\" \/>\n<meta name=\"robots\" content=\"index, follow, max-snippet:-1, max-image-preview:large, max-video-preview:-1\" \/>\n<link rel=\"canonical\" href=\"https:\/\/orizonmobile.com\/en\/hytera-serie-h\/\" \/>\n<meta property=\"og:locale\" content=\"en_US\" \/>\n<meta property=\"og:type\" content=\"article\" \/>\n<meta property=\"og:title\" content=\"La s\u00e9rie H de Hytera\" \/>\n<meta property=\"og:description\" content=\"Les radios portables Hytera H sont des radios DMR \u00e0 norme ouverte et riches en fonctionnalit\u00e9s pour la communication vocale et de donn\u00e9es.\" \/>\n<meta property=\"og:url\" content=\"https:\/\/orizonmobile.com\/en\/hytera-serie-h\/\" \/>\n<meta property=\"og:site_name\" content=\"Orizon Mobile\" \/>\n<meta property=\"article:publisher\" content=\"https:\/\/www.facebook.com\/orizonmobile\" \/>\n<meta property=\"article:modified_time\" content=\"2022-02-17T15:18:39+00:00\" \/>\n<meta property=\"og:image\" content=\"https:\/\/orizonmobile.com\/wp-content\/uploads\/2022\/02\/Hytera-series-H.jpg\" \/>\n\t<meta property=\"og:image:width\" content=\"1220\" \/>\n\t<meta property=\"og:image:height\" content=\"686\" \/>\n\t<meta property=\"og:image:type\" content=\"image\/jpeg\" \/>\n<meta name=\"twitter:card\" content=\"summary_large_image\" \/>\n<meta name=\"twitter:label1\" content=\"Est. reading time\" \/>\n\t<meta name=\"twitter:data1\" content=\"2 minutes\" \/>\n<script type=\"application\/ld+json\" class=\"yoast-schema-graph\">{\"@context\":\"https:\\\/\\\/schema.org\",\"@graph\":[{\"@type\":\"WebPage\",\"@id\":\"https:\\\/\\\/orizonmobile.com\\\/en\\\/hytera-serie-h\\\/\",\"url\":\"https:\\\/\\\/orizonmobile.com\\\/en\\\/hytera-serie-h\\\/\",\"name\":\"Hytera - S\u00e9rie H - Orizon Mobile\",\"isPartOf\":{\"@id\":\"https:\\\/\\\/orizonmobile.com\\\/en\\\/#website\"},\"primaryImageOfPage\":{\"@id\":\"https:\\\/\\\/orizonmobile.com\\\/en\\\/hytera-serie-h\\\/#primaryimage\"},\"image\":{\"@id\":\"https:\\\/\\\/orizonmobile.com\\\/en\\\/hytera-serie-h\\\/#primaryimage\"},\"thumbnailUrl\":\"https:\\\/\\\/orizonmobile.com\\\/wp-content\\\/uploads\\\/2021\\\/12\\\/Thumbnail-News-Hytera-Logo.png\",\"datePublished\":\"2022-02-16T20:31:09+00:00\",\"dateModified\":\"2022-02-17T15:18:39+00:00\",\"description\":\"Les radios portables Hytera H sont des radios DMR \u00e0 norme ouverte et riches en fonctionnalit\u00e9s pour la communication vocale et de donn\u00e9es.\",\"breadcrumb\":{\"@id\":\"https:\\\/\\\/orizonmobile.com\\\/en\\\/hytera-serie-h\\\/#breadcrumb\"},\"inLanguage\":\"en-US\",\"potentialAction\":[{\"@type\":\"ReadAction\",\"target\":[\"https:\\\/\\\/orizonmobile.com\\\/en\\\/hytera-serie-h\\\/\"]}]},{\"@type\":\"ImageObject\",\"inLanguage\":\"en-US\",\"@id\":\"https:\\\/\\\/orizonmobile.com\\\/en\\\/hytera-serie-h\\\/#primaryimage\",\"url\":\"https:\\\/\\\/orizonmobile.com\\\/wp-content\\\/uploads\\\/2021\\\/12\\\/Thumbnail-News-Hytera-Logo.png\",\"contentUrl\":\"https:\\\/\\\/orizonmobile.com\\\/wp-content\\\/uploads\\\/2021\\\/12\\\/Thumbnail-News-Hytera-Logo.png\"},{\"@type\":\"BreadcrumbList\",\"@id\":\"https:\\\/\\\/orizonmobile.com\\\/en\\\/hytera-serie-h\\\/#breadcrumb\",\"itemListElement\":[{\"@type\":\"ListItem\",\"position\":1,\"name\":\"Accueil\",\"item\":\"https:\\\/\\\/orizonmobile.com\\\/en\\\/\"},{\"@type\":\"ListItem\",\"position\":2,\"name\":\"Hytera &#8211; S\u00e9rie H\"}]},{\"@type\":\"WebSite\",\"@id\":\"https:\\\/\\\/orizonmobile.com\\\/en\\\/#website\",\"url\":\"https:\\\/\\\/orizonmobile.com\\\/en\\\/\",\"name\":\"Orizon Mobile\",\"description\":\"Orizon Mobile\",\"publisher\":{\"@id\":\"https:\\\/\\\/orizonmobile.com\\\/en\\\/#organization\"},\"potentialAction\":[{\"@type\":\"SearchAction\",\"target\":{\"@type\":\"EntryPoint\",\"urlTemplate\":\"https:\\\/\\\/orizonmobile.com\\\/en\\\/?s={search_term_string}\"},\"query-input\":{\"@type\":\"PropertyValueSpecification\",\"valueRequired\":true,\"valueName\":\"search_term_string\"}}],\"inLanguage\":\"en-US\"},{\"@type\":\"Organization\",\"@id\":\"https:\\\/\\\/orizonmobile.com\\\/en\\\/#organization\",\"name\":\"Orizon Mobile\",\"url\":\"https:\\\/\\\/orizonmobile.com\\\/en\\\/\",\"logo\":{\"@type\":\"ImageObject\",\"inLanguage\":\"en-US\",\"@id\":\"https:\\\/\\\/orizonmobile.com\\\/en\\\/#\\\/schema\\\/logo\\\/image\\\/\",\"url\":\"https:\\\/\\\/orizonmobile.com\\\/wp-content\\\/uploads\\\/2021\\\/10\\\/OM-Promo-RGB.png\",\"contentUrl\":\"https:\\\/\\\/orizonmobile.com\\\/wp-content\\\/uploads\\\/2021\\\/10\\\/OM-Promo-RGB.png\",\"width\":518,\"height\":278,\"caption\":\"Orizon Mobile\"},\"image\":{\"@id\":\"https:\\\/\\\/orizonmobile.com\\\/en\\\/#\\\/schema\\\/logo\\\/image\\\/\"},\"sameAs\":[\"https:\\\/\\\/www.facebook.com\\\/orizonmobile\",\"https:\\\/\\\/www.instagram.com\\\/orizonmobile\\\/\",\"https:\\\/\\\/www.linkedin.com\\\/company\\\/orizon-mobile\",\"https:\\\/\\\/www.youtube.com\\\/channel\\\/UC33EZJT45G4ViC1gcL6a5lw\"]}]}<\/script>\n<!-- \/ Yoast SEO plugin. -->","yoast_head_json":{"title":"Hytera - S\u00e9rie H - Orizon Mobile","description":"Les radios portables Hytera H sont des radios DMR \u00e0 norme ouverte et riches en fonctionnalit\u00e9s pour la communication vocale et de donn\u00e9es.","robots":{"index":"index","follow":"follow","max-snippet":"max-snippet:-1","max-image-preview":"max-image-preview:large","max-video-preview":"max-video-preview:-1"},"canonical":"https:\/\/orizonmobile.com\/en\/hytera-serie-h\/","og_locale":"en_US","og_type":"article","og_title":"La s\u00e9rie H de Hytera","og_description":"Les radios portables Hytera H sont des radios DMR \u00e0 norme ouverte et riches en fonctionnalit\u00e9s pour la communication vocale et de donn\u00e9es.","og_url":"https:\/\/orizonmobile.com\/en\/hytera-serie-h\/","og_site_name":"Orizon Mobile","article_publisher":"https:\/\/www.facebook.com\/orizonmobile","article_modified_time":"2022-02-17T15:18:39+00:00","og_image":[{"width":1220,"height":686,"url":"https:\/\/orizonmobile.com\/wp-content\/uploads\/2022\/02\/Hytera-series-H.jpg","type":"image\/jpeg"}],"twitter_card":"summary_large_image","twitter_misc":{"Est. reading time":"2 minutes"},"schema":{"@context":"https:\/\/schema.org","@graph":[{"@type":"WebPage","@id":"https:\/\/orizonmobile.com\/en\/hytera-serie-h\/","url":"https:\/\/orizonmobile.com\/en\/hytera-serie-h\/","name":"Hytera - S\u00e9rie H - Orizon Mobile","isPartOf":{"@id":"https:\/\/orizonmobile.com\/en\/#website"},"primaryImageOfPage":{"@id":"https:\/\/orizonmobile.com\/en\/hytera-serie-h\/#primaryimage"},"image":{"@id":"https:\/\/orizonmobile.com\/en\/hytera-serie-h\/#primaryimage"},"thumbnailUrl":"https:\/\/orizonmobile.com\/wp-content\/uploads\/2021\/12\/Thumbnail-News-Hytera-Logo.png","datePublished":"2022-02-16T20:31:09+00:00","dateModified":"2022-02-17T15:18:39+00:00","description":"Les radios portables Hytera H sont des radios DMR \u00e0 norme ouverte et riches en fonctionnalit\u00e9s pour la communication vocale et de donn\u00e9es.","breadcrumb":{"@id":"https:\/\/orizonmobile.com\/en\/hytera-serie-h\/#breadcrumb"},"inLanguage":"en-US","potentialAction":[{"@type":"ReadAction","target":["https:\/\/orizonmobile.com\/en\/hytera-serie-h\/"]}]},{"@type":"ImageObject","inLanguage":"en-US","@id":"https:\/\/orizonmobile.com\/en\/hytera-serie-h\/#primaryimage","url":"https:\/\/orizonmobile.com\/wp-content\/uploads\/2021\/12\/Thumbnail-News-Hytera-Logo.png","contentUrl":"https:\/\/orizonmobile.com\/wp-content\/uploads\/2021\/12\/Thumbnail-News-Hytera-Logo.png"},{"@type":"BreadcrumbList","@id":"https:\/\/orizonmobile.com\/en\/hytera-serie-h\/#breadcrumb","itemListElement":[{"@type":"ListItem","position":1,"name":"Accueil","item":"https:\/\/orizonmobile.com\/en\/"},{"@type":"ListItem","position":2,"name":"Hytera &#8211; S\u00e9rie H"}]},{"@type":"WebSite","@id":"https:\/\/orizonmobile.com\/en\/#website","url":"https:\/\/orizonmobile.com\/en\/","name":"Orizon Mobile","description":"Orizon Mobile","publisher":{"@id":"https:\/\/orizonmobile.com\/en\/#organization"},"potentialAction":[{"@type":"SearchAction","target":{"@type":"EntryPoint","urlTemplate":"https:\/\/orizonmobile.com\/en\/?s={search_term_string}"},"query-input":{"@type":"PropertyValueSpecification","valueRequired":true,"valueName":"search_term_string"}}],"inLanguage":"en-US"},{"@type":"Organization","@id":"https:\/\/orizonmobile.com\/en\/#organization","name":"Orizon Mobile","url":"https:\/\/orizonmobile.com\/en\/","logo":{"@type":"ImageObject","inLanguage":"en-US","@id":"https:\/\/orizonmobile.com\/en\/#\/schema\/logo\/image\/","url":"https:\/\/orizonmobile.com\/wp-content\/uploads\/2021\/10\/OM-Promo-RGB.png","contentUrl":"https:\/\/orizonmobile.com\/wp-content\/uploads\/2021\/10\/OM-Promo-RGB.png","width":518,"height":278,"caption":"Orizon Mobile"},"image":{"@id":"https:\/\/orizonmobile.com\/en\/#\/schema\/logo\/image\/"},"sameAs":["https:\/\/www.facebook.com\/orizonmobile","https:\/\/www.instagram.com\/orizonmobile\/","https:\/\/www.linkedin.com\/company\/orizon-mobile","https:\/\/www.youtube.com\/channel\/UC33EZJT45G4ViC1gcL6a5lw"]}]}},"_links":{"self":[{"href":"https:\/\/orizonmobile.com\/en\/wp-json\/wp\/v2\/pages\/8591","targetHints":{"allow":["GET"]}}],"collection":[{"href":"https:\/\/orizonmobile.com\/en\/wp-json\/wp\/v2\/pages"}],"about":[{"href":"https:\/\/orizonmobile.com\/en\/wp-json\/wp\/v2\/types\/page"}],"author":[{"embeddable":true,"href":"https:\/\/orizonmobile.com\/en\/wp-json\/wp\/v2\/users\/4"}],"replies":[{"embeddable":true,"href":"https:\/\/orizonmobile.com\/en\/wp-json\/wp\/v2\/comments?post=8591"}],"version-history":[{"count":0,"href":"https:\/\/orizonmobile.com\/en\/wp-json\/wp\/v2\/pages\/8591\/revisions"}],"wp:attachment":[{"href":"https:\/\/orizonmobile.com\/en\/wp-json\/wp\/v2\/media?parent=8591"}],"curies":[{"name":"wp","href":"https:\/\/api.w.org\/{rel}","templated":true}]}}